{"id":793,"date":"2022-12-14T16:48:06","date_gmt":"2022-12-14T16:48:06","guid":{"rendered":"https:\/\/nostalgicaerosaintyan.com\/?page_id=793"},"modified":"2025-08-09T18:41:05","modified_gmt":"2025-08-09T18:41:05","slug":"2012-2","status":"publish","type":"page","link":"https:\/\/nostalgicaerosaintyan.com\/?page_id=793","title":{"rendered":"2012"},"content":{"rendered":"\n<p><\/p>\n\n\n\n<div class=\"wp-block-columns is-layout-flex wp-container-core-columns-is-layout-9d6595d7 wp-block-columns-is-layout-flex\">\n<div class=\"wp-block-column is-layout-flow wp-block-column-is-layout-flow\">\n<h2><a href=\"https:\/\/nostalgicaerosaintyan.com\/demontage-chargement-transport-et-remontage-jaguar-monoplace-na25\/\"><em>14 Avril 2012 &#8211; D\u00e9montage, chargement, transport et remontage JAGUAR monoplace n\u00b0A25<\/em><\/a><\/h2>\n<\/div>\n<\/div>\n\n\n<p>&nbsp;<\/p>\n<h2 class=\"single-title\" style=\"text-align: center;\"><a href=\"https:\/\/nostalgicaerosaintyan.com\/demenagement-jaguar-monoplace-a-25-dans-hangar-astier\/\"><strong><em>Entretien en t\u00eate \u00e0 t\u00eate avec le fauve Jaguar monoplace A 25 dans hangar ASTIER<\/em><\/strong><\/a><\/h2>\n<p>&nbsp;<\/p>\n<h2 style=\"text-align: center;\"><a href=\"https:\/\/nostalgicaerosaintyan.com\/inauguration-hangar-astier-02-06-2012\/\"><em>Inauguration hangar Astier 02 06 2012<\/em><\/a><\/h2>\n<p>&nbsp;<\/p>\n<p>&nbsp;<\/p>\n<h2 style=\"text-align: center;\"><em><a href=\"https:\/\/nostalgicaerosaintyan.com\/partenariat-c-f-a-macon-nostalgic-aero\/\">Signature Partenariat : C.F.A MACON \/ NOSTALGIC AERO en Juin 2012<\/a><\/em><\/h2>\n\n\n<div class=\"wp-block-columns is-layout-flex wp-container-core-columns-is-layout-9d6595d7 wp-block-columns-is-layout-flex\">\n<div class=\"wp-block-column is-layout-flow wp-block-column-is-layout-flow\">\n<h2><em>Fly In 2012<\/em><\/h2>\n<\/div>\n<\/div>\n\n\n<p>&nbsp;<\/p>\n<h2 style=\"text-align: center;\"><strong><em>Retour \u00e0 la page : <a href=\"https:\/\/nostalgicaerosaintyan.com\/historique-de-lassociation\/\">Historique de l\u2019Association NOSTALGIC AERO<\/a><\/em><\/strong><\/h2>\n<h2>\u00a0<\/h2>\n<p>&nbsp;<\/p>","protected":false},"excerpt":{"rendered":"<p>14 Avril 2012 &#8211; D\u00e9montage, chargement, transport et remontage JAGUAR monoplace n\u00b0A25 &nbsp; Entretien en t\u00eate \u00e0 t\u00eate avec le&hellip;<\/p>\n","protected":false},"author":1,"featured_media":0,"parent":0,"menu_order":0,"comment_status":"closed","ping_status":"closed","template":"","meta":{"footnotes":""},"class_list":["post-793","page","type-page","status-publish","hentry"],"_links":{"self":[{"href":"https:\/\/nostalgicaerosaintyan.com\/index.php?rest_route=\/wp\/v2\/pages\/793","targetHints":{"allow":["GET"]}}],"collection":[{"href":"https:\/\/nostalgicaerosaintyan.com\/index.php?rest_route=\/wp\/v2\/pages"}],"about":[{"href":"https:\/\/nostalgicaerosaintyan.com\/index.php?rest_route=\/wp\/v2\/types\/page"}],"author":[{"embeddable":true,"href":"https:\/\/nostalgicaerosaintyan.com\/index.php?rest_route=\/wp\/v2\/users\/1"}],"replies":[{"embeddable":true,"href":"https:\/\/nostalgicaerosaintyan.com\/index.php?rest_route=%2Fwp%2Fv2%2Fcomments&post=793"}],"version-history":[{"count":14,"href":"https:\/\/nostalgicaerosaintyan.com\/index.php?rest_route=\/wp\/v2\/pages\/793\/revisions"}],"predecessor-version":[{"id":3479,"href":"https:\/\/nostalgicaerosaintyan.com\/index.php?rest_route=\/wp\/v2\/pages\/793\/revisions\/3479"}],"wp:attachment":[{"href":"https:\/\/nostalgicaerosaintyan.com\/index.php?rest_route=%2Fwp%2Fv2%2Fmedia&parent=793"}],"curies":[{"name":"wp","href":"https:\/\/api.w.org\/{rel}","templated":true}]}}