{"id":692,"date":"2022-12-13T19:28:42","date_gmt":"2022-12-13T19:28:42","guid":{"rendered":"https:\/\/nostalgicaerosaintyan.com\/?page_id=692"},"modified":"2025-07-20T10:33:52","modified_gmt":"2025-07-20T10:33:52","slug":"lavage-exterieur-de-deux-moteurs-250-cv-pour-dornier","status":"publish","type":"page","link":"https:\/\/nostalgicaerosaintyan.com\/?page_id=692","title":{"rendered":"Lavage ext\u00e9rieur de deux moteurs 250 CV pour DORNIER"},"content":{"rendered":"\n<div class=\"wp-block-columns is-layout-flex wp-container-core-columns-is-layout-9d6595d7 wp-block-columns-is-layout-flex\">\n<div class=\"wp-block-column is-layout-flow wp-block-column-is-layout-flow\">\n<figure class=\"wp-block-image size-large\"><img fetchpriority=\"high\" decoding=\"async\" width=\"1024\" height=\"768\" src=\"https:\/\/nostalgicaerosaintyan.com\/wp-content\/uploads\/2022\/12\/Moteur-250CV-_-1-1024x768.jpg\" alt=\"\" class=\"wp-image-696\" srcset=\"https:\/\/nostalgicaerosaintyan.com\/wp-content\/uploads\/2022\/12\/Moteur-250CV-_-1-1024x768.jpg 1024w, https:\/\/nostalgicaerosaintyan.com\/wp-content\/uploads\/2022\/12\/Moteur-250CV-_-1-300x225.jpg 300w, https:\/\/nostalgicaerosaintyan.com\/wp-content\/uploads\/2022\/12\/Moteur-250CV-_-1-768x576.jpg 768w, https:\/\/nostalgicaerosaintyan.com\/wp-content\/uploads\/2022\/12\/Moteur-250CV-_-1-1536x1152.jpg 1536w, https:\/\/nostalgicaerosaintyan.com\/wp-content\/uploads\/2022\/12\/Moteur-250CV-_-1-160x120.jpg 160w, https:\/\/nostalgicaerosaintyan.com\/wp-content\/uploads\/2022\/12\/Moteur-250CV-_-1.jpg 1598w\" sizes=\"(max-width: 1024px) 100vw, 1024px\" \/><\/figure>\n<\/div>\n\n\n\n<div class=\"wp-block-column is-layout-flow wp-block-column-is-layout-flow\">\n<figure class=\"wp-block-image size-large\"><img decoding=\"async\" width=\"1024\" height=\"768\" src=\"https:\/\/nostalgicaerosaintyan.com\/wp-content\/uploads\/2022\/12\/Moteur-250CV-_-2-1024x768.jpg\" alt=\"\" class=\"wp-image-698\" srcset=\"https:\/\/nostalgicaerosaintyan.com\/wp-content\/uploads\/2022\/12\/Moteur-250CV-_-2-1024x768.jpg 1024w, https:\/\/nostalgicaerosaintyan.com\/wp-content\/uploads\/2022\/12\/Moteur-250CV-_-2-300x225.jpg 300w, https:\/\/nostalgicaerosaintyan.com\/wp-content\/uploads\/2022\/12\/Moteur-250CV-_-2-768x576.jpg 768w, https:\/\/nostalgicaerosaintyan.com\/wp-content\/uploads\/2022\/12\/Moteur-250CV-_-2-1536x1152.jpg 1536w, https:\/\/nostalgicaerosaintyan.com\/wp-content\/uploads\/2022\/12\/Moteur-250CV-_-2-160x120.jpg 160w, https:\/\/nostalgicaerosaintyan.com\/wp-content\/uploads\/2022\/12\/Moteur-250CV-_-2.jpg 1602w\" sizes=\"(max-width: 1024px) 100vw, 1024px\" \/><\/figure>\n<\/div>\n\n\n\n<div class=\"wp-block-column is-layout-flow wp-block-column-is-layout-flow\">\n<figure class=\"wp-block-image size-large\"><img decoding=\"async\" width=\"1024\" height=\"769\" src=\"https:\/\/nostalgicaerosaintyan.com\/wp-content\/uploads\/2022\/12\/Moteur-250CV-_-3-1024x769.jpg\" alt=\"\" class=\"wp-image-699\" srcset=\"https:\/\/nostalgicaerosaintyan.com\/wp-content\/uploads\/2022\/12\/Moteur-250CV-_-3-1024x769.jpg 1024w, https:\/\/nostalgicaerosaintyan.com\/wp-content\/uploads\/2022\/12\/Moteur-250CV-_-3-300x225.jpg 300w, https:\/\/nostalgicaerosaintyan.com\/wp-content\/uploads\/2022\/12\/Moteur-250CV-_-3-768x577.jpg 768w, https:\/\/nostalgicaerosaintyan.com\/wp-content\/uploads\/2022\/12\/Moteur-250CV-_-3-1536x1153.jpg 1536w, https:\/\/nostalgicaerosaintyan.com\/wp-content\/uploads\/2022\/12\/Moteur-250CV-_-3-160x120.jpg 160w, https:\/\/nostalgicaerosaintyan.com\/wp-content\/uploads\/2022\/12\/Moteur-250CV-_-3.jpg 1566w\" sizes=\"(max-width: 1024px) 100vw, 1024px\" \/><\/figure>\n<\/div>\n<\/div>\n\n\n\n<div class=\"wp-block-columns is-layout-flex wp-container-core-columns-is-layout-9d6595d7 wp-block-columns-is-layout-flex\">\n<div class=\"wp-block-column is-layout-flow wp-block-column-is-layout-flow\">\n<h3 style=\"text-align: center;\"><em>Les 3 photos ci-dessus ont \u00e9t\u00e9 prises sous le hangar NOSTALGIC AERO \u00e0 Saint Yan<\/em><\/h3>\n<\/div>\n<\/div>\n\n\n\n<div class=\"wp-block-columns is-layout-flex wp-container-core-columns-is-layout-9d6595d7 wp-block-columns-is-layout-flex\">\n<div class=\"wp-block-column is-layout-flow wp-block-column-is-layout-flow\">\n<figure class=\"wp-block-image size-large\"><img loading=\"lazy\" decoding=\"async\" width=\"1024\" height=\"771\" src=\"https:\/\/nostalgicaerosaintyan.com\/wp-content\/uploads\/2022\/12\/Moteur-250CV-_-4-1024x771.jpg\" alt=\"\" class=\"wp-image-843\" srcset=\"https:\/\/nostalgicaerosaintyan.com\/wp-content\/uploads\/2022\/12\/Moteur-250CV-_-4-1024x771.jpg 1024w, https:\/\/nostalgicaerosaintyan.com\/wp-content\/uploads\/2022\/12\/Moteur-250CV-_-4-300x226.jpg 300w, https:\/\/nostalgicaerosaintyan.com\/wp-content\/uploads\/2022\/12\/Moteur-250CV-_-4-768x578.jpg 768w, https:\/\/nostalgicaerosaintyan.com\/wp-content\/uploads\/2022\/12\/Moteur-250CV-_-4-1536x1156.jpg 1536w, https:\/\/nostalgicaerosaintyan.com\/wp-content\/uploads\/2022\/12\/Moteur-250CV-_-4-160x120.jpg 160w, https:\/\/nostalgicaerosaintyan.com\/wp-content\/uploads\/2022\/12\/Moteur-250CV-_-4.jpg 1588w\" sizes=\"(max-width: 1024px) 100vw, 1024px\" \/><\/figure>\n<\/div>\n\n\n\n<div class=\"wp-block-column is-layout-flow wp-block-column-is-layout-flow\">\n<figure class=\"wp-block-image size-large\"><img loading=\"lazy\" decoding=\"async\" width=\"1024\" height=\"581\" src=\"https:\/\/nostalgicaerosaintyan.com\/wp-content\/uploads\/2022\/12\/Moteur-250CV-_-5-1024x581.jpg\" alt=\"\" class=\"wp-image-845\" srcset=\"https:\/\/nostalgicaerosaintyan.com\/wp-content\/uploads\/2022\/12\/Moteur-250CV-_-5-1024x581.jpg 1024w, https:\/\/nostalgicaerosaintyan.com\/wp-content\/uploads\/2022\/12\/Moteur-250CV-_-5-300x170.jpg 300w, https:\/\/nostalgicaerosaintyan.com\/wp-content\/uploads\/2022\/12\/Moteur-250CV-_-5-768x436.jpg 768w, https:\/\/nostalgicaerosaintyan.com\/wp-content\/uploads\/2022\/12\/Moteur-250CV-_-5-1536x871.jpg 1536w, https:\/\/nostalgicaerosaintyan.com\/wp-content\/uploads\/2022\/12\/Moteur-250CV-_-5.jpg 1710w\" sizes=\"(max-width: 1024px) 100vw, 1024px\" \/><\/figure>\n<\/div>\n\n\n\n<div class=\"wp-block-column is-layout-flow wp-block-column-is-layout-flow\">\n<figure class=\"wp-block-image size-large\"><img loading=\"lazy\" decoding=\"async\" width=\"1024\" height=\"771\" src=\"https:\/\/nostalgicaerosaintyan.com\/wp-content\/uploads\/2022\/12\/Moteur-250CV-_-6-1024x771.jpg\" alt=\"\" class=\"wp-image-846\" srcset=\"https:\/\/nostalgicaerosaintyan.com\/wp-content\/uploads\/2022\/12\/Moteur-250CV-_-6-1024x771.jpg 1024w, https:\/\/nostalgicaerosaintyan.com\/wp-content\/uploads\/2022\/12\/Moteur-250CV-_-6-300x226.jpg 300w, https:\/\/nostalgicaerosaintyan.com\/wp-content\/uploads\/2022\/12\/Moteur-250CV-_-6-768x578.jpg 768w, https:\/\/nostalgicaerosaintyan.com\/wp-content\/uploads\/2022\/12\/Moteur-250CV-_-6-1536x1157.jpg 1536w, https:\/\/nostalgicaerosaintyan.com\/wp-content\/uploads\/2022\/12\/Moteur-250CV-_-6-160x120.jpg 160w, https:\/\/nostalgicaerosaintyan.com\/wp-content\/uploads\/2022\/12\/Moteur-250CV-_-6.jpg 1591w\" sizes=\"(max-width: 1024px) 100vw, 1024px\" \/><\/figure>\n<\/div>\n<\/div>\n\n\n\n<div class=\"wp-block-columns is-layout-flex wp-container-core-columns-is-layout-9d6595d7 wp-block-columns-is-layout-flex\">\n<div class=\"wp-block-column is-layout-flow wp-block-column-is-layout-flow\">\n<h3 style=\"text-align: center;\"><em>Les 3 photos ci-dessus ont \u00e9t\u00e9 prise \u00e0 l&rsquo;atelier V.T.R. \/ AGRI du CFA MACON<\/em><\/h3>\n<\/div>\n<\/div>\n\n\n<p>&nbsp;<\/p>\n<h2 style=\"text-align: center;\"><strong><em>Retour \u00e0 la page :\u00a0<a href=\"https:\/\/nostalgicaerosaintyan.com\/\">NOSTALGIC AERO<\/a><\/em><\/strong><\/h2>\n<p>&nbsp;<\/p>","protected":false},"excerpt":{"rendered":"<p>Les 3 photos ci-dessus ont \u00e9t\u00e9 prises sous le hangar NOSTALGIC AERO \u00e0 Saint Yan Les 3 photos ci-dessus ont&hellip;<\/p>\n","protected":false},"author":1,"featured_media":0,"parent":0,"menu_order":0,"comment_status":"closed","ping_status":"closed","template":"","meta":{"footnotes":""},"class_list":["post-692","page","type-page","status-publish","hentry"],"_links":{"self":[{"href":"https:\/\/nostalgicaerosaintyan.com\/index.php?rest_route=\/wp\/v2\/pages\/692","targetHints":{"allow":["GET"]}}],"collection":[{"href":"https:\/\/nostalgicaerosaintyan.com\/index.php?rest_route=\/wp\/v2\/pages"}],"about":[{"href":"https:\/\/nostalgicaerosaintyan.com\/index.php?rest_route=\/wp\/v2\/types\/page"}],"author":[{"embeddable":true,"href":"https:\/\/nostalgicaerosaintyan.com\/index.php?rest_route=\/wp\/v2\/users\/1"}],"replies":[{"embeddable":true,"href":"https:\/\/nostalgicaerosaintyan.com\/index.php?rest_route=%2Fwp%2Fv2%2Fcomments&post=692"}],"version-history":[{"count":6,"href":"https:\/\/nostalgicaerosaintyan.com\/index.php?rest_route=\/wp\/v2\/pages\/692\/revisions"}],"predecessor-version":[{"id":3175,"href":"https:\/\/nostalgicaerosaintyan.com\/index.php?rest_route=\/wp\/v2\/pages\/692\/revisions\/3175"}],"wp:attachment":[{"href":"https:\/\/nostalgicaerosaintyan.com\/index.php?rest_route=%2Fwp%2Fv2%2Fmedia&parent=692"}],"curies":[{"name":"wp","href":"https:\/\/api.w.org\/{rel}","templated":true}]}}