{"id":680,"date":"2022-12-13T15:17:04","date_gmt":"2022-12-13T15:17:04","guid":{"rendered":"https:\/\/nostalgicaerosaintyan.com\/?page_id=680"},"modified":"2025-07-20T10:42:08","modified_gmt":"2025-07-20T10:42:08","slug":"realisation-15-projets-de-logos","status":"publish","type":"page","link":"https:\/\/nostalgicaerosaintyan.com\/?page_id=680","title":{"rendered":"R\u00e9alisation projet logo retenu"},"content":{"rendered":"\n<div class=\"wp-block-columns is-layout-flex wp-container-core-columns-is-layout-9d6595d7 wp-block-columns-is-layout-flex\">\n<div class=\"wp-block-column is-layout-flow wp-block-column-is-layout-flow\">\n<\/p>\n<\/div>\n<\/div>\n\n\n\n<div class=\"wp-block-columns is-layout-flex wp-container-core-columns-is-layout-9d6595d7 wp-block-columns-is-layout-flex\">\n<div class=\"wp-block-column is-layout-flow wp-block-column-is-layout-flow\"><div class=\"wp-block-image\">\n<figure class=\"aligncenter size-full\"><img fetchpriority=\"high\" decoding=\"async\" width=\"527\" height=\"800\" src=\"https:\/\/nostalgicaerosaintyan.com\/wp-content\/uploads\/2022\/12\/logo-OK-__-10-10-2022-527x800-1.jpg\" alt=\"\" class=\"wp-image-688\" srcset=\"https:\/\/nostalgicaerosaintyan.com\/wp-content\/uploads\/2022\/12\/logo-OK-__-10-10-2022-527x800-1.jpg 527w, https:\/\/nostalgicaerosaintyan.com\/wp-content\/uploads\/2022\/12\/logo-OK-__-10-10-2022-527x800-1-198x300.jpg 198w\" sizes=\"(max-width: 527px) 100vw, 527px\" \/><figcaption class=\"wp-element-caption\"><em><strong>Projet de logo retenu pour une mise en peinture<\/strong><\/em><br><em><strong> (les couleurs n&rsquo;ayant pas \u00e9t\u00e9 d\u00e9finis)<\/strong><\/em><\/figcaption><\/figure>\n<\/div><\/div>\n<\/div>\n\n\n<p>&nbsp;<\/p>\n<h2 style=\"text-align: center;\"><strong><em>Retour \u00e0 la page :\u00a0<a href=\"https:\/\/nostalgicaerosaintyan.com\/\">NOSTALGIC AERO<\/a><\/em><\/strong><\/h2>\n<p>&nbsp;<\/p>","protected":false},"excerpt":{"rendered":"<p>&nbsp; Retour \u00e0 la page :\u00a0NOSTALGIC AERO &nbsp;<\/p>\n","protected":false},"author":1,"featured_media":0,"parent":0,"menu_order":0,"comment_status":"closed","ping_status":"closed","template":"","meta":{"footnotes":""},"class_list":["post-680","page","type-page","status-publish","hentry"],"_links":{"self":[{"href":"https:\/\/nostalgicaerosaintyan.com\/index.php?rest_route=\/wp\/v2\/pages\/680","targetHints":{"allow":["GET"]}}],"collection":[{"href":"https:\/\/nostalgicaerosaintyan.com\/index.php?rest_route=\/wp\/v2\/pages"}],"about":[{"href":"https:\/\/nostalgicaerosaintyan.com\/index.php?rest_route=\/wp\/v2\/types\/page"}],"author":[{"embeddable":true,"href":"https:\/\/nostalgicaerosaintyan.com\/index.php?rest_route=\/wp\/v2\/users\/1"}],"replies":[{"embeddable":true,"href":"https:\/\/nostalgicaerosaintyan.com\/index.php?rest_route=%2Fwp%2Fv2%2Fcomments&post=680"}],"version-history":[{"count":10,"href":"https:\/\/nostalgicaerosaintyan.com\/index.php?rest_route=\/wp\/v2\/pages\/680\/revisions"}],"predecessor-version":[{"id":3190,"href":"https:\/\/nostalgicaerosaintyan.com\/index.php?rest_route=\/wp\/v2\/pages\/680\/revisions\/3190"}],"wp:attachment":[{"href":"https:\/\/nostalgicaerosaintyan.com\/index.php?rest_route=%2Fwp%2Fv2%2Fmedia&parent=680"}],"curies":[{"name":"wp","href":"https:\/\/api.w.org\/{rel}","templated":true}]}}