{"id":63,"date":"2022-12-07T10:44:54","date_gmt":"2022-12-07T10:44:54","guid":{"rendered":"https:\/\/nostalgicaerosaintyan.com\/?page_id=63"},"modified":"2025-07-20T10:34:55","modified_gmt":"2025-07-20T10:34:55","slug":"les-liens","status":"publish","type":"page","link":"https:\/\/nostalgicaerosaintyan.com\/?page_id=63","title":{"rendered":"Les liens (r\u00e9seaux de l&rsquo;Association)"},"content":{"rendered":"\n<div class=\"wp-block-columns is-layout-flex wp-container-core-columns-is-layout-9d6595d7 wp-block-columns-is-layout-flex\">\n<div class=\"wp-block-column is-layout-flow wp-block-column-is-layout-flow\"><div class=\"wp-block-image\">\n<figure class=\"aligncenter size-large\"><img fetchpriority=\"high\" decoding=\"async\" width=\"1024\" height=\"610\" src=\"https:\/\/nostalgicaerosaintyan.com\/wp-content\/uploads\/2023\/06\/fuselage-fouga-206-2-1024x610.jpg\" alt=\"\" class=\"wp-image-2062\" srcset=\"https:\/\/nostalgicaerosaintyan.com\/wp-content\/uploads\/2023\/06\/fuselage-fouga-206-2-1024x610.jpg 1024w, https:\/\/nostalgicaerosaintyan.com\/wp-content\/uploads\/2023\/06\/fuselage-fouga-206-2-300x179.jpg 300w, https:\/\/nostalgicaerosaintyan.com\/wp-content\/uploads\/2023\/06\/fuselage-fouga-206-2-768x458.jpg 768w, https:\/\/nostalgicaerosaintyan.com\/wp-content\/uploads\/2023\/06\/fuselage-fouga-206-2-1536x915.jpg 1536w, https:\/\/nostalgicaerosaintyan.com\/wp-content\/uploads\/2023\/06\/fuselage-fouga-206-2.jpg 1693w\" sizes=\"(max-width: 1024px) 100vw, 1024px\" \/><\/figure>\n<\/div><\/div>\n<\/div>\n\n\n<\/p>\n\n\n<div class=\"wp-block-columns is-layout-flex wp-container-core-columns-is-layout-9d6595d7 wp-block-columns-is-layout-flex\">\n<div class=\"wp-block-column has-white-color has-pale-cyan-blue-background-color has-text-color has-background is-layout-flow wp-block-column-is-layout-flow\">\n<h3 class=\"wp-block-heading has-text-align-center\"><em><a href=\"http:\/\/www.aeroportsaintyan.fr\/?oaci=LFLN\">A\u00e9roport de Saint Yan (71600)<\/a><\/em><\/h3>\n\n\n\n<h3 class=\"wp-block-heading has-text-align-center\"><a href=\"https:\/\/saint-yan.fr\/static\/d9031d816b13c64b0dcc73214f04ed1d\/apasy-presentation.pdf\"><em>A.P.A.S.Y. Saint Yan (71600)<\/em><\/a><\/h3>\n\n\n\n<h4 class=\"wp-block-heading has-text-align-center\"><\/h4>\n\n\n\n<h3 class=\"wp-block-heading\"><\/h3>\n<\/div>\n\n\n\n<div class=\"wp-block-column has-white-color has-pale-cyan-blue-background-color has-text-color has-background is-layout-flow wp-block-column-is-layout-flow\">\n<h3 style=\"text-align: center;\"><a href=\"https:\/\/www.aerodrome-paray.fr\/blog\/\"><em>A\u00e9roport du Charolais (71600)<\/em><\/a><\/h3>\n<h3 style=\"text-align: center;\"><a href=\"https:\/\/museeaviationlyon.fr\/lassociation-ealc-espaces-aero-lyon-corbas\/\"><em>E.A.L.C. Lyon Corbas (69960)<\/em><\/a><\/h3>\n<\/div>\n<\/div>\n\n\n\n<div class=\"wp-block-columns is-layout-flex wp-container-core-columns-is-layout-9d6595d7 wp-block-columns-is-layout-flex\">\n<div class=\"wp-block-column has-black-color has-vivid-green-cyan-background-color has-text-color has-background has-link-color wp-elements-e93726a0a83b0e85d3c6262bb6be176b is-layout-flow wp-block-column-is-layout-flow\">\n<h3 class=\"wp-block-heading has-text-align-center\"><em><a href=\"https:\/\/www.aeroclub-montceau-creusot.fr\/\">A\u00e9ro-Club du Bassin Minier &#8211; LFGM (71300)<\/a><\/em><\/h3>\n<\/div>\n<\/div>\n\n\n\n<h3 class=\"wp-block-heading has-text-align-center has-black-color has-vivid-green-cyan-background-color has-text-color has-background has-link-color wp-elements-1b5e79ff310b269dd30744fe284db5c0\"><em>A\u00e9ro Club qui m&rsquo;a accueilli en 1995 pour un stage PRO&nbsp; C.E.S.I.<\/em><\/h3>\n\n\n\n<h3 class=\"wp-block-heading has-text-align-center has-black-color has-vivid-green-cyan-background-color has-text-color has-background has-link-color wp-elements-17ae722e1dd18111e350b9ff923c3563\"><br><em>et m&rsquo;a permis d&rsquo;int\u00e9grer la famille de l&rsquo;Aviation L\u00e9g\u00e8re<\/em><\/h3>\n\n\n\n<h3 class=\"wp-block-heading has-text-align-center has-black-color has-vivid-green-cyan-background-color has-text-color has-background has-link-color wp-elements-d1e6ac112ce1700733ff371066e1caf0\"><em>&nbsp;<\/em><br><em>et de l&rsquo;Aviation en g\u00e9n\u00e9ral (webmaster E.A.V.P.)<\/em><\/h3>\n\n\n<p>&nbsp;<\/p>\n<h2 style=\"text-align: center;\"><strong><em>Retour \u00e0 la page :\u00a0<a href=\"https:\/\/nostalgicaerosaintyan.com\/\">NOSTALGIC AERO<\/a><\/em><\/strong><\/h2>\n<p>&nbsp;<\/p>","protected":false},"excerpt":{"rendered":"<p>A\u00e9roport de Saint Yan (71600) A.P.A.S.Y. Saint Yan (71600) A\u00e9roport du Charolais (71600) E.A.L.C. Lyon Corbas (69960) A\u00e9ro-Club du Bassin&hellip;<\/p>\n","protected":false},"author":1,"featured_media":0,"parent":0,"menu_order":0,"comment_status":"closed","ping_status":"closed","template":"","meta":{"footnotes":""},"class_list":["post-63","page","type-page","status-publish","hentry"],"_links":{"self":[{"href":"https:\/\/nostalgicaerosaintyan.com\/index.php?rest_route=\/wp\/v2\/pages\/63","targetHints":{"allow":["GET"]}}],"collection":[{"href":"https:\/\/nostalgicaerosaintyan.com\/index.php?rest_route=\/wp\/v2\/pages"}],"about":[{"href":"https:\/\/nostalgicaerosaintyan.com\/index.php?rest_route=\/wp\/v2\/types\/page"}],"author":[{"embeddable":true,"href":"https:\/\/nostalgicaerosaintyan.com\/index.php?rest_route=\/wp\/v2\/users\/1"}],"replies":[{"embeddable":true,"href":"https:\/\/nostalgicaerosaintyan.com\/index.php?rest_route=%2Fwp%2Fv2%2Fcomments&post=63"}],"version-history":[{"count":66,"href":"https:\/\/nostalgicaerosaintyan.com\/index.php?rest_route=\/wp\/v2\/pages\/63\/revisions"}],"predecessor-version":[{"id":3178,"href":"https:\/\/nostalgicaerosaintyan.com\/index.php?rest_route=\/wp\/v2\/pages\/63\/revisions\/3178"}],"wp:attachment":[{"href":"https:\/\/nostalgicaerosaintyan.com\/index.php?rest_route=%2Fwp%2Fv2%2Fmedia&parent=63"}],"curies":[{"name":"wp","href":"https:\/\/api.w.org\/{rel}","templated":true}]}}