{"id":60,"date":"2022-12-07T10:44:08","date_gmt":"2022-12-07T10:44:08","guid":{"rendered":"https:\/\/nostalgicaerosaintyan.com\/?page_id=60"},"modified":"2025-07-21T18:48:26","modified_gmt":"2025-07-21T18:48:26","slug":"notre-flotte-daeronefs","status":"publish","type":"page","link":"https:\/\/nostalgicaerosaintyan.com\/?page_id=60","title":{"rendered":"Notre flotte d&rsquo;a\u00e9ronefs"},"content":{"rendered":"<h3><\/h3>\n<h3><\/h3>\n<p>&nbsp;<\/p>\n<h2 style=\"text-align: center;\"><a href=\"https:\/\/nostalgicaerosaintyan.com\/aeronef-prive\/\"><em>Les a\u00e9ronefs priv\u00e9s<\/em><\/a><\/h2>\n<p>&nbsp;<\/p>\n<h2 style=\"text-align: center;\"><a href=\"https:\/\/nostalgicaerosaintyan.com\/les-aeronefs-militaires\/\"><em>Les a\u00e9ronefs militaires<\/em><\/a><\/h2>\n<p>&nbsp;<\/p>\n<p>&nbsp;<\/p>\n<p>&nbsp;<\/p>\n<p>&nbsp;<\/p>\n<h2 style=\"text-align: center;\"><strong><em>Retour \u00e0 la page :\u00a0<a href=\"https:\/\/nostalgicaerosaintyan.com\/\">NOSTALGIC AERO<\/a><\/em><\/strong><\/h2>\n<p>&nbsp;<\/p>\n","protected":false},"excerpt":{"rendered":"<p>&nbsp; Les a\u00e9ronefs priv\u00e9s &nbsp; Les a\u00e9ronefs militaires &nbsp; &nbsp; &nbsp; &nbsp; Retour \u00e0 la page :\u00a0NOSTALGIC AERO &nbsp;<\/p>\n","protected":false},"author":1,"featured_media":516,"parent":0,"menu_order":0,"comment_status":"closed","ping_status":"closed","template":"","meta":{"footnotes":""},"class_list":["post-60","page","type-page","status-publish","has-post-thumbnail","hentry"],"_links":{"self":[{"href":"https:\/\/nostalgicaerosaintyan.com\/index.php?rest_route=\/wp\/v2\/pages\/60","targetHints":{"allow":["GET"]}}],"collection":[{"href":"https:\/\/nostalgicaerosaintyan.com\/index.php?rest_route=\/wp\/v2\/pages"}],"about":[{"href":"https:\/\/nostalgicaerosaintyan.com\/index.php?rest_route=\/wp\/v2\/types\/page"}],"author":[{"embeddable":true,"href":"https:\/\/nostalgicaerosaintyan.com\/index.php?rest_route=\/wp\/v2\/users\/1"}],"replies":[{"embeddable":true,"href":"https:\/\/nostalgicaerosaintyan.com\/index.php?rest_route=%2Fwp%2Fv2%2Fcomments&post=60"}],"version-history":[{"count":10,"href":"https:\/\/nostalgicaerosaintyan.com\/index.php?rest_route=\/wp\/v2\/pages\/60\/revisions"}],"predecessor-version":[{"id":3327,"href":"https:\/\/nostalgicaerosaintyan.com\/index.php?rest_route=\/wp\/v2\/pages\/60\/revisions\/3327"}],"wp:featuredmedia":[{"embeddable":true,"href":"https:\/\/nostalgicaerosaintyan.com\/index.php?rest_route=\/wp\/v2\/media\/516"}],"wp:attachment":[{"href":"https:\/\/nostalgicaerosaintyan.com\/index.php?rest_route=%2Fwp%2Fv2%2Fmedia&parent=60"}],"curies":[{"name":"wp","href":"https:\/\/api.w.org\/{rel}","templated":true}]}}