{"id":35,"date":"2022-12-07T10:21:58","date_gmt":"2022-12-07T10:21:58","guid":{"rendered":"https:\/\/nostalgicaerosaintyan.com\/?page_id=35"},"modified":"2025-07-24T17:17:34","modified_gmt":"2025-07-24T17:17:34","slug":"caisse-a-outils","status":"publish","type":"page","link":"https:\/\/nostalgicaerosaintyan.com\/?page_id=35","title":{"rendered":"Notre caisse \u00e0 outils"},"content":{"rendered":"\n<div class=\"wp-block-columns is-layout-flex wp-container-core-columns-is-layout-9d6595d7 wp-block-columns-is-layout-flex\">\n<div class=\"wp-block-column is-layout-flow wp-block-column-is-layout-flow\">\n<figure class=\"wp-block-image size-full\"><img fetchpriority=\"high\" decoding=\"async\" width=\"457\" height=\"342\" src=\"https:\/\/nostalgicaerosaintyan.com\/wp-content\/uploads\/2022\/12\/fouga-206.jpg\" alt=\"\" class=\"wp-image-1305\" srcset=\"https:\/\/nostalgicaerosaintyan.com\/wp-content\/uploads\/2022\/12\/fouga-206.jpg 457w, https:\/\/nostalgicaerosaintyan.com\/wp-content\/uploads\/2022\/12\/fouga-206-300x225.jpg 300w, https:\/\/nostalgicaerosaintyan.com\/wp-content\/uploads\/2022\/12\/fouga-206-160x120.jpg 160w\" sizes=\"(max-width: 457px) 100vw, 457px\" \/><\/figure>\n<\/div>\n\n\n\n<div class=\"wp-block-column is-layout-flow wp-block-column-is-layout-flow\"><\/div>\n<\/div>\n\n\n\n<div class=\"wp-block-columns is-layout-flex wp-container-core-columns-is-layout-9d6595d7 wp-block-columns-is-layout-flex\">\n<div class=\"wp-block-column has-black-color has-text-color has-background is-layout-flow wp-block-column-is-layout-flow\" style=\"background:radial-gradient(rgb(255,245,203) 0%,rgb(182,227,212) 50%,rgb(51,167,181) 100%)\">\n<h3 style=\"text-align: center;\"><a href=\"https:\/\/nostalgicaerosaintyan.com\/acces-par-les-airs\/\"><em><strong>Acc\u00e8s par les airs<\/strong><\/em><\/a><\/h3>\n<\/div>\n\n\n\n<div class=\"wp-block-column has-black-color has-text-color has-background is-layout-flow wp-block-column-is-layout-flow\" style=\"background:radial-gradient(rgb(255,245,203) 0%,rgb(182,227,212) 50%,rgb(51,167,181) 100%)\">\n<h3 style=\"text-align: center;\"><a href=\"https:\/\/nostalgicaerosaintyan.com\/acces-par-la-route\/\"><em><strong>Acc\u00e8s par la route<\/strong><\/em><\/a><\/h3>\n<\/div>\n<\/div>\n\n\n\n<div class=\"wp-block-columns is-layout-flex wp-container-core-columns-is-layout-9d6595d7 wp-block-columns-is-layout-flex\">\n<div class=\"wp-block-column has-black-color has-text-color has-background is-layout-flow wp-block-column-is-layout-flow\" style=\"background:radial-gradient(rgb(255,245,203) 0%,rgb(182,227,212) 50%,rgb(51,167,181) 100%)\">\n<h3 style=\"text-align: center;\"><a href=\"https:\/\/nostalgicaerosaintyan.com\/mentions-legales\/\"><em><strong>Mentions l\u00e9gales<\/strong><\/em><\/a><\/h3>\n<\/div>\n\n\n\n<div class=\"wp-block-column has-black-color has-text-color has-background is-layout-flow wp-block-column-is-layout-flow\" style=\"background:radial-gradient(rgb(255,245,203) 0%,rgb(182,227,212) 50%,rgb(51,167,181) 100%)\">\n<h3>\u00a0<\/h3>\n<h3 style=\"text-align: center;\"><em><strong>Actuellement en pause pour une dur\u00e9e ind\u00e9termin\u00e9e<\/strong><\/em><\/h3>\n<p>&nbsp;<\/p>\n<\/div>\n<\/div>\n\n\n\n<div class=\"wp-block-columns is-layout-flex wp-container-core-columns-is-layout-9d6595d7 wp-block-columns-is-layout-flex\">\n<div class=\"wp-block-column has-black-color has-text-color has-background is-layout-flow wp-block-column-is-layout-flow\" style=\"background:radial-gradient(rgb(255,245,203) 0%,rgb(182,227,212) 50%,rgb(51,167,181) 100%)\">\n<h3>\u00a0<\/h3>\n<h3 style=\"text-align: center;\"><a href=\"https:\/\/nostalgicaerosaintyan.com\/plan-satellite\/\"><em><strong>Plan satellite<\/strong><\/em><\/a><\/h3>\n<p>&nbsp;<\/p>\n<\/div>\n\n\n\n<div class=\"wp-block-column has-black-color has-text-color has-background is-layout-flow wp-block-column-is-layout-flow\" style=\"background:radial-gradient(rgb(255,245,203) 0%,rgb(182,227,212) 50%,rgb(51,167,181) 100%)\">\n<p>&nbsp;<\/p>\n<h3 style=\"text-align: center;\"><a href=\"https:\/\/nostalgicaerosaintyan.com\/sauvegarde-du-patrimoine-aeronautique\/\"><em><strong>Sauvegarde du patrimoine a\u00e9ronautique<\/strong><\/em><\/a><\/h3>\n<p>&nbsp;<\/p>\n<\/div>\n<\/div>\n\n\n<p>&nbsp;<\/p>\n<h2 style=\"text-align: center;\"><strong><em>Retour \u00e0 la page :\u00a0<a href=\"https:\/\/nostalgicaerosaintyan.com\/\">NOSTALGIC AERO<\/a><\/em><\/strong><\/h2>\n<p>&nbsp;<\/p>\n<p>&nbsp;<\/p>","protected":false},"excerpt":{"rendered":"<p>Acc\u00e8s par les airs Acc\u00e8s par la route Mentions l\u00e9gales \u00a0 Actuellement en pause pour une dur\u00e9e ind\u00e9termin\u00e9e &nbsp; \u00a0&hellip;<\/p>\n","protected":false},"author":1,"featured_media":0,"parent":0,"menu_order":0,"comment_status":"closed","ping_status":"closed","template":"","meta":{"footnotes":""},"class_list":["post-35","page","type-page","status-publish","hentry"],"_links":{"self":[{"href":"https:\/\/nostalgicaerosaintyan.com\/index.php?rest_route=\/wp\/v2\/pages\/35","targetHints":{"allow":["GET"]}}],"collection":[{"href":"https:\/\/nostalgicaerosaintyan.com\/index.php?rest_route=\/wp\/v2\/pages"}],"about":[{"href":"https:\/\/nostalgicaerosaintyan.com\/index.php?rest_route=\/wp\/v2\/types\/page"}],"author":[{"embeddable":true,"href":"https:\/\/nostalgicaerosaintyan.com\/index.php?rest_route=\/wp\/v2\/users\/1"}],"replies":[{"embeddable":true,"href":"https:\/\/nostalgicaerosaintyan.com\/index.php?rest_route=%2Fwp%2Fv2%2Fcomments&post=35"}],"version-history":[{"count":65,"href":"https:\/\/nostalgicaerosaintyan.com\/index.php?rest_route=\/wp\/v2\/pages\/35\/revisions"}],"predecessor-version":[{"id":3370,"href":"https:\/\/nostalgicaerosaintyan.com\/index.php?rest_route=\/wp\/v2\/pages\/35\/revisions\/3370"}],"wp:attachment":[{"href":"https:\/\/nostalgicaerosaintyan.com\/index.php?rest_route=%2Fwp%2Fv2%2Fmedia&parent=35"}],"curies":[{"name":"wp","href":"https:\/\/api.w.org\/{rel}","templated":true}]}}