{"id":3447,"date":"2025-08-09T11:03:41","date_gmt":"2025-08-09T11:03:41","guid":{"rendered":"https:\/\/nostalgicaerosaintyan.com\/?page_id=3447"},"modified":"2025-08-09T18:54:55","modified_gmt":"2025-08-09T18:54:55","slug":"demenagement-jaguar-monoplace-a-25-dans-hangar-astier","status":"publish","type":"page","link":"https:\/\/nostalgicaerosaintyan.com\/?page_id=3447","title":{"rendered":"Entretien en t\u00eate \u00e0 t\u00eate avec le fauve Jaguar monoplace A 25 dans hangar ASTIER"},"content":{"rendered":"<p>&nbsp;<\/p>\n<p>&nbsp;<\/p>\n\n\n<figure class=\"wp-block-gallery has-nested-images columns-default is-cropped wp-block-gallery-1 is-layout-flex wp-block-gallery-is-layout-flex\">\n<figure class=\"wp-block-image size-large\"><img fetchpriority=\"high\" decoding=\"async\" width=\"1024\" height=\"763\" data-id=\"3450\" src=\"https:\/\/nostalgicaerosaintyan.com\/wp-content\/uploads\/2025\/08\/JAG-A25-01-1024x763.jpg\" alt=\"\" class=\"wp-image-3450\" srcset=\"https:\/\/nostalgicaerosaintyan.com\/wp-content\/uploads\/2025\/08\/JAG-A25-01-1024x763.jpg 1024w, https:\/\/nostalgicaerosaintyan.com\/wp-content\/uploads\/2025\/08\/JAG-A25-01-300x224.jpg 300w, https:\/\/nostalgicaerosaintyan.com\/wp-content\/uploads\/2025\/08\/JAG-A25-01-768x572.jpg 768w, https:\/\/nostalgicaerosaintyan.com\/wp-content\/uploads\/2025\/08\/JAG-A25-01-160x120.jpg 160w, https:\/\/nostalgicaerosaintyan.com\/wp-content\/uploads\/2025\/08\/JAG-A25-01.jpg 1339w\" sizes=\"(max-width: 1024px) 100vw, 1024px\" \/><\/figure>\n<\/figure>\n\n\n\n<figure class=\"wp-block-gallery has-nested-images columns-default is-cropped wp-block-gallery-2 is-layout-flex wp-block-gallery-is-layout-flex\">\n<figure class=\"wp-block-image size-large\"><img decoding=\"async\" width=\"1024\" height=\"767\" data-id=\"3452\" src=\"https:\/\/nostalgicaerosaintyan.com\/wp-content\/uploads\/2025\/08\/JAG-A25-02-1024x767.jpg\" alt=\"\" class=\"wp-image-3452\" srcset=\"https:\/\/nostalgicaerosaintyan.com\/wp-content\/uploads\/2025\/08\/JAG-A25-02-1024x767.jpg 1024w, https:\/\/nostalgicaerosaintyan.com\/wp-content\/uploads\/2025\/08\/JAG-A25-02-300x225.jpg 300w, https:\/\/nostalgicaerosaintyan.com\/wp-content\/uploads\/2025\/08\/JAG-A25-02-768x576.jpg 768w, https:\/\/nostalgicaerosaintyan.com\/wp-content\/uploads\/2025\/08\/JAG-A25-02-160x120.jpg 160w, https:\/\/nostalgicaerosaintyan.com\/wp-content\/uploads\/2025\/08\/JAG-A25-02.jpg 1341w\" sizes=\"(max-width: 1024px) 100vw, 1024px\" \/><\/figure>\n<\/figure>\n\n\n\n<figure class=\"wp-block-gallery has-nested-images columns-default is-cropped wp-block-gallery-3 is-layout-flex wp-block-gallery-is-layout-flex\">\n<figure class=\"wp-block-image size-large\"><img decoding=\"async\" width=\"1024\" height=\"764\" data-id=\"3453\" src=\"https:\/\/nostalgicaerosaintyan.com\/wp-content\/uploads\/2025\/08\/JAG-A25-03-1024x764.jpg\" alt=\"\" class=\"wp-image-3453\" srcset=\"https:\/\/nostalgicaerosaintyan.com\/wp-content\/uploads\/2025\/08\/JAG-A25-03-1024x764.jpg 1024w, https:\/\/nostalgicaerosaintyan.com\/wp-content\/uploads\/2025\/08\/JAG-A25-03-300x224.jpg 300w, https:\/\/nostalgicaerosaintyan.com\/wp-content\/uploads\/2025\/08\/JAG-A25-03-768x573.jpg 768w, https:\/\/nostalgicaerosaintyan.com\/wp-content\/uploads\/2025\/08\/JAG-A25-03-160x120.jpg 160w, https:\/\/nostalgicaerosaintyan.com\/wp-content\/uploads\/2025\/08\/JAG-A25-03.jpg 1337w\" sizes=\"(max-width: 1024px) 100vw, 1024px\" \/><\/figure>\n<\/figure>\n\n\n\n<figure class=\"wp-block-gallery has-nested-images columns-default is-cropped wp-block-gallery-4 is-layout-flex wp-block-gallery-is-layout-flex\">\n<figure class=\"wp-block-image size-large\"><img loading=\"lazy\" decoding=\"async\" width=\"1024\" height=\"769\" data-id=\"3454\" src=\"https:\/\/nostalgicaerosaintyan.com\/wp-content\/uploads\/2025\/08\/JAG-A25-04-1024x769.jpg\" alt=\"\" class=\"wp-image-3454\" srcset=\"https:\/\/nostalgicaerosaintyan.com\/wp-content\/uploads\/2025\/08\/JAG-A25-04-1024x769.jpg 1024w, https:\/\/nostalgicaerosaintyan.com\/wp-content\/uploads\/2025\/08\/JAG-A25-04-300x225.jpg 300w, https:\/\/nostalgicaerosaintyan.com\/wp-content\/uploads\/2025\/08\/JAG-A25-04-768x577.jpg 768w, https:\/\/nostalgicaerosaintyan.com\/wp-content\/uploads\/2025\/08\/JAG-A25-04-160x120.jpg 160w, https:\/\/nostalgicaerosaintyan.com\/wp-content\/uploads\/2025\/08\/JAG-A25-04.jpg 1333w\" sizes=\"(max-width: 1024px) 100vw, 1024px\" \/><\/figure>\n<\/figure>\n\n\n\n<figure class=\"wp-block-gallery has-nested-images columns-default is-cropped wp-block-gallery-5 is-layout-flex wp-block-gallery-is-layout-flex\">\n<figure class=\"wp-block-image size-large\"><img loading=\"lazy\" decoding=\"async\" width=\"1024\" height=\"767\" data-id=\"3455\" src=\"https:\/\/nostalgicaerosaintyan.com\/wp-content\/uploads\/2025\/08\/JAG-A25-05-1024x767.jpg\" alt=\"\" class=\"wp-image-3455\" srcset=\"https:\/\/nostalgicaerosaintyan.com\/wp-content\/uploads\/2025\/08\/JAG-A25-05-1024x767.jpg 1024w, https:\/\/nostalgicaerosaintyan.com\/wp-content\/uploads\/2025\/08\/JAG-A25-05-300x225.jpg 300w, https:\/\/nostalgicaerosaintyan.com\/wp-content\/uploads\/2025\/08\/JAG-A25-05-768x575.jpg 768w, https:\/\/nostalgicaerosaintyan.com\/wp-content\/uploads\/2025\/08\/JAG-A25-05-160x120.jpg 160w, https:\/\/nostalgicaerosaintyan.com\/wp-content\/uploads\/2025\/08\/JAG-A25-05.jpg 1337w\" sizes=\"(max-width: 1024px) 100vw, 1024px\" \/><\/figure>\n<\/figure>\n\n\n\n<figure class=\"wp-block-gallery has-nested-images columns-default is-cropped wp-block-gallery-6 is-layout-flex wp-block-gallery-is-layout-flex\">\n<figure class=\"wp-block-image size-large\"><img loading=\"lazy\" decoding=\"async\" width=\"1024\" height=\"766\" data-id=\"3456\" src=\"https:\/\/nostalgicaerosaintyan.com\/wp-content\/uploads\/2025\/08\/JAG-A25-06-1024x766.jpg\" alt=\"\" class=\"wp-image-3456\" srcset=\"https:\/\/nostalgicaerosaintyan.com\/wp-content\/uploads\/2025\/08\/JAG-A25-06-1024x766.jpg 1024w, https:\/\/nostalgicaerosaintyan.com\/wp-content\/uploads\/2025\/08\/JAG-A25-06-300x224.jpg 300w, https:\/\/nostalgicaerosaintyan.com\/wp-content\/uploads\/2025\/08\/JAG-A25-06-768x574.jpg 768w, https:\/\/nostalgicaerosaintyan.com\/wp-content\/uploads\/2025\/08\/JAG-A25-06-160x120.jpg 160w, https:\/\/nostalgicaerosaintyan.com\/wp-content\/uploads\/2025\/08\/JAG-A25-06.jpg 1339w\" sizes=\"(max-width: 1024px) 100vw, 1024px\" \/><\/figure>\n<\/figure>\n\n\n\n<figure class=\"wp-block-gallery has-nested-images columns-default is-cropped wp-block-gallery-7 is-layout-flex wp-block-gallery-is-layout-flex\">\n<figure class=\"wp-block-image size-large\"><img loading=\"lazy\" decoding=\"async\" width=\"1024\" height=\"766\" data-id=\"3457\" src=\"https:\/\/nostalgicaerosaintyan.com\/wp-content\/uploads\/2025\/08\/JAG-A25-07-1024x766.jpg\" alt=\"\" class=\"wp-image-3457\" srcset=\"https:\/\/nostalgicaerosaintyan.com\/wp-content\/uploads\/2025\/08\/JAG-A25-07-1024x766.jpg 1024w, https:\/\/nostalgicaerosaintyan.com\/wp-content\/uploads\/2025\/08\/JAG-A25-07-300x224.jpg 300w, https:\/\/nostalgicaerosaintyan.com\/wp-content\/uploads\/2025\/08\/JAG-A25-07-768x575.jpg 768w, https:\/\/nostalgicaerosaintyan.com\/wp-content\/uploads\/2025\/08\/JAG-A25-07-160x120.jpg 160w, https:\/\/nostalgicaerosaintyan.com\/wp-content\/uploads\/2025\/08\/JAG-A25-07.jpg 1334w\" sizes=\"(max-width: 1024px) 100vw, 1024px\" \/><\/figure>\n<\/figure>\n\n\n\n<figure class=\"wp-block-gallery has-nested-images columns-default is-cropped wp-block-gallery-8 is-layout-flex wp-block-gallery-is-layout-flex\">\n<figure class=\"wp-block-image size-large\"><img loading=\"lazy\" decoding=\"async\" width=\"1024\" height=\"761\" data-id=\"3458\" src=\"https:\/\/nostalgicaerosaintyan.com\/wp-content\/uploads\/2025\/08\/JAG-A25-08-1024x761.jpg\" alt=\"\" class=\"wp-image-3458\" srcset=\"https:\/\/nostalgicaerosaintyan.com\/wp-content\/uploads\/2025\/08\/JAG-A25-08-1024x761.jpg 1024w, https:\/\/nostalgicaerosaintyan.com\/wp-content\/uploads\/2025\/08\/JAG-A25-08-300x223.jpg 300w, https:\/\/nostalgicaerosaintyan.com\/wp-content\/uploads\/2025\/08\/JAG-A25-08-768x571.jpg 768w, https:\/\/nostalgicaerosaintyan.com\/wp-content\/uploads\/2025\/08\/JAG-A25-08-160x120.jpg 160w, https:\/\/nostalgicaerosaintyan.com\/wp-content\/uploads\/2025\/08\/JAG-A25-08.jpg 1340w\" sizes=\"(max-width: 1024px) 100vw, 1024px\" \/><\/figure>\n<\/figure>\n\n\n\n<figure class=\"wp-block-gallery has-nested-images columns-default is-cropped wp-block-gallery-9 is-layout-flex wp-block-gallery-is-layout-flex\">\n<figure class=\"wp-block-image size-large\"><img loading=\"lazy\" decoding=\"async\" width=\"1024\" height=\"763\" data-id=\"3459\" src=\"https:\/\/nostalgicaerosaintyan.com\/wp-content\/uploads\/2025\/08\/JAG-A25-09-1024x763.jpg\" alt=\"\" class=\"wp-image-3459\" srcset=\"https:\/\/nostalgicaerosaintyan.com\/wp-content\/uploads\/2025\/08\/JAG-A25-09-1024x763.jpg 1024w, https:\/\/nostalgicaerosaintyan.com\/wp-content\/uploads\/2025\/08\/JAG-A25-09-300x224.jpg 300w, https:\/\/nostalgicaerosaintyan.com\/wp-content\/uploads\/2025\/08\/JAG-A25-09-768x573.jpg 768w, https:\/\/nostalgicaerosaintyan.com\/wp-content\/uploads\/2025\/08\/JAG-A25-09-160x120.jpg 160w, https:\/\/nostalgicaerosaintyan.com\/wp-content\/uploads\/2025\/08\/JAG-A25-09.jpg 1340w\" sizes=\"(max-width: 1024px) 100vw, 1024px\" \/><\/figure>\n<\/figure>\n\n\n\n<figure class=\"wp-block-gallery has-nested-images columns-default is-cropped wp-block-gallery-10 is-layout-flex wp-block-gallery-is-layout-flex\">\n<figure class=\"wp-block-image size-large\"><img loading=\"lazy\" decoding=\"async\" width=\"1024\" height=\"767\" data-id=\"3460\" src=\"https:\/\/nostalgicaerosaintyan.com\/wp-content\/uploads\/2025\/08\/JAG-A25-10-1024x767.jpg\" alt=\"\" class=\"wp-image-3460\" srcset=\"https:\/\/nostalgicaerosaintyan.com\/wp-content\/uploads\/2025\/08\/JAG-A25-10-1024x767.jpg 1024w, https:\/\/nostalgicaerosaintyan.com\/wp-content\/uploads\/2025\/08\/JAG-A25-10-300x225.jpg 300w, https:\/\/nostalgicaerosaintyan.com\/wp-content\/uploads\/2025\/08\/JAG-A25-10-768x575.jpg 768w, https:\/\/nostalgicaerosaintyan.com\/wp-content\/uploads\/2025\/08\/JAG-A25-10-160x120.jpg 160w, https:\/\/nostalgicaerosaintyan.com\/wp-content\/uploads\/2025\/08\/JAG-A25-10.jpg 1341w\" sizes=\"(max-width: 1024px) 100vw, 1024px\" \/><\/figure>\n<\/figure>\n\n\n\n<figure class=\"wp-block-gallery has-nested-images columns-default is-cropped wp-block-gallery-11 is-layout-flex wp-block-gallery-is-layout-flex\">\n<figure class=\"wp-block-image size-large\"><img loading=\"lazy\" decoding=\"async\" width=\"1024\" height=\"764\" data-id=\"3461\" src=\"https:\/\/nostalgicaerosaintyan.com\/wp-content\/uploads\/2025\/08\/JAG-A25-11-1024x764.jpg\" alt=\"\" class=\"wp-image-3461\" srcset=\"https:\/\/nostalgicaerosaintyan.com\/wp-content\/uploads\/2025\/08\/JAG-A25-11-1024x764.jpg 1024w, https:\/\/nostalgicaerosaintyan.com\/wp-content\/uploads\/2025\/08\/JAG-A25-11-300x224.jpg 300w, https:\/\/nostalgicaerosaintyan.com\/wp-content\/uploads\/2025\/08\/JAG-A25-11-768x573.jpg 768w, https:\/\/nostalgicaerosaintyan.com\/wp-content\/uploads\/2025\/08\/JAG-A25-11-160x120.jpg 160w, https:\/\/nostalgicaerosaintyan.com\/wp-content\/uploads\/2025\/08\/JAG-A25-11.jpg 1342w\" sizes=\"(max-width: 1024px) 100vw, 1024px\" \/><\/figure>\n<\/figure>\n\n\n\n<figure class=\"wp-block-gallery has-nested-images columns-default is-cropped wp-block-gallery-12 is-layout-flex wp-block-gallery-is-layout-flex\">\n<figure class=\"wp-block-image size-large\"><img loading=\"lazy\" decoding=\"async\" width=\"1024\" height=\"766\" data-id=\"3462\" src=\"https:\/\/nostalgicaerosaintyan.com\/wp-content\/uploads\/2025\/08\/JAG-A25-12-1024x766.jpg\" alt=\"\" class=\"wp-image-3462\" srcset=\"https:\/\/nostalgicaerosaintyan.com\/wp-content\/uploads\/2025\/08\/JAG-A25-12-1024x766.jpg 1024w, https:\/\/nostalgicaerosaintyan.com\/wp-content\/uploads\/2025\/08\/JAG-A25-12-300x224.jpg 300w, https:\/\/nostalgicaerosaintyan.com\/wp-content\/uploads\/2025\/08\/JAG-A25-12-768x574.jpg 768w, https:\/\/nostalgicaerosaintyan.com\/wp-content\/uploads\/2025\/08\/JAG-A25-12-160x120.jpg 160w, https:\/\/nostalgicaerosaintyan.com\/wp-content\/uploads\/2025\/08\/JAG-A25-12.jpg 1336w\" sizes=\"(max-width: 1024px) 100vw, 1024px\" \/><\/figure>\n<\/figure>\n\n\n\n<figure class=\"wp-block-gallery has-nested-images columns-default is-cropped wp-block-gallery-13 is-layout-flex wp-block-gallery-is-layout-flex\">\n<figure class=\"wp-block-image size-large\"><img loading=\"lazy\" decoding=\"async\" width=\"1024\" height=\"762\" data-id=\"3463\" src=\"https:\/\/nostalgicaerosaintyan.com\/wp-content\/uploads\/2025\/08\/JAG-A25-13-1024x762.jpg\" alt=\"\" class=\"wp-image-3463\" srcset=\"https:\/\/nostalgicaerosaintyan.com\/wp-content\/uploads\/2025\/08\/JAG-A25-13-1024x762.jpg 1024w, https:\/\/nostalgicaerosaintyan.com\/wp-content\/uploads\/2025\/08\/JAG-A25-13-300x223.jpg 300w, https:\/\/nostalgicaerosaintyan.com\/wp-content\/uploads\/2025\/08\/JAG-A25-13-768x571.jpg 768w, https:\/\/nostalgicaerosaintyan.com\/wp-content\/uploads\/2025\/08\/JAG-A25-13-160x120.jpg 160w, https:\/\/nostalgicaerosaintyan.com\/wp-content\/uploads\/2025\/08\/JAG-A25-13.jpg 1343w\" sizes=\"(max-width: 1024px) 100vw, 1024px\" \/><\/figure>\n<\/figure>\n\n\n\n<figure class=\"wp-block-gallery has-nested-images columns-default is-cropped wp-block-gallery-14 is-layout-flex wp-block-gallery-is-layout-flex\">\n<figure class=\"wp-block-image size-large\"><img loading=\"lazy\" decoding=\"async\" width=\"1024\" height=\"774\" data-id=\"3464\" src=\"https:\/\/nostalgicaerosaintyan.com\/wp-content\/uploads\/2025\/08\/JAG-A25-14-1024x774.jpg\" alt=\"\" class=\"wp-image-3464\" srcset=\"https:\/\/nostalgicaerosaintyan.com\/wp-content\/uploads\/2025\/08\/JAG-A25-14-1024x774.jpg 1024w, https:\/\/nostalgicaerosaintyan.com\/wp-content\/uploads\/2025\/08\/JAG-A25-14-300x227.jpg 300w, https:\/\/nostalgicaerosaintyan.com\/wp-content\/uploads\/2025\/08\/JAG-A25-14-768x580.jpg 768w, https:\/\/nostalgicaerosaintyan.com\/wp-content\/uploads\/2025\/08\/JAG-A25-14-160x120.jpg 160w, https:\/\/nostalgicaerosaintyan.com\/wp-content\/uploads\/2025\/08\/JAG-A25-14.jpg 1333w\" sizes=\"(max-width: 1024px) 100vw, 1024px\" \/><\/figure>\n<\/figure>\n\n\n\n<figure class=\"wp-block-gallery has-nested-images columns-default is-cropped wp-block-gallery-15 is-layout-flex wp-block-gallery-is-layout-flex\">\n<figure class=\"wp-block-image size-large\"><img loading=\"lazy\" decoding=\"async\" width=\"1024\" height=\"767\" data-id=\"3465\" src=\"https:\/\/nostalgicaerosaintyan.com\/wp-content\/uploads\/2025\/08\/JAG-A25-15-1024x767.jpg\" alt=\"\" class=\"wp-image-3465\" srcset=\"https:\/\/nostalgicaerosaintyan.com\/wp-content\/uploads\/2025\/08\/JAG-A25-15-1024x767.jpg 1024w, https:\/\/nostalgicaerosaintyan.com\/wp-content\/uploads\/2025\/08\/JAG-A25-15-300x225.jpg 300w, https:\/\/nostalgicaerosaintyan.com\/wp-content\/uploads\/2025\/08\/JAG-A25-15-768x575.jpg 768w, https:\/\/nostalgicaerosaintyan.com\/wp-content\/uploads\/2025\/08\/JAG-A25-15-160x120.jpg 160w, https:\/\/nostalgicaerosaintyan.com\/wp-content\/uploads\/2025\/08\/JAG-A25-15.jpg 1341w\" sizes=\"(max-width: 1024px) 100vw, 1024px\" \/><\/figure>\n<\/figure>\n\n\n\n<figure class=\"wp-block-gallery has-nested-images columns-default is-cropped wp-block-gallery-16 is-layout-flex wp-block-gallery-is-layout-flex\">\n<figure class=\"wp-block-image size-large\"><img loading=\"lazy\" decoding=\"async\" width=\"1024\" height=\"762\" data-id=\"3466\" src=\"https:\/\/nostalgicaerosaintyan.com\/wp-content\/uploads\/2025\/08\/JAG-A25-16-1024x762.jpg\" alt=\"\" class=\"wp-image-3466\" srcset=\"https:\/\/nostalgicaerosaintyan.com\/wp-content\/uploads\/2025\/08\/JAG-A25-16-1024x762.jpg 1024w, https:\/\/nostalgicaerosaintyan.com\/wp-content\/uploads\/2025\/08\/JAG-A25-16-300x223.jpg 300w, https:\/\/nostalgicaerosaintyan.com\/wp-content\/uploads\/2025\/08\/JAG-A25-16-768x572.jpg 768w, https:\/\/nostalgicaerosaintyan.com\/wp-content\/uploads\/2025\/08\/JAG-A25-16-160x120.jpg 160w, https:\/\/nostalgicaerosaintyan.com\/wp-content\/uploads\/2025\/08\/JAG-A25-16.jpg 1341w\" sizes=\"(max-width: 1024px) 100vw, 1024px\" \/><\/figure>\n<\/figure>\n\n\n\n<figure class=\"wp-block-gallery has-nested-images columns-default is-cropped wp-block-gallery-17 is-layout-flex wp-block-gallery-is-layout-flex\">\n<figure class=\"wp-block-image size-large\"><img loading=\"lazy\" decoding=\"async\" width=\"1024\" height=\"547\" data-id=\"3482\" src=\"https:\/\/nostalgicaerosaintyan.com\/wp-content\/uploads\/2025\/08\/JAG-A25-001-1024x547.jpg\" alt=\"\" class=\"wp-image-3482\" srcset=\"https:\/\/nostalgicaerosaintyan.com\/wp-content\/uploads\/2025\/08\/JAG-A25-001-1024x547.jpg 1024w, https:\/\/nostalgicaerosaintyan.com\/wp-content\/uploads\/2025\/08\/JAG-A25-001-300x160.jpg 300w, https:\/\/nostalgicaerosaintyan.com\/wp-content\/uploads\/2025\/08\/JAG-A25-001-768x411.jpg 768w, https:\/\/nostalgicaerosaintyan.com\/wp-content\/uploads\/2025\/08\/JAG-A25-001-1536x821.jpg 1536w, https:\/\/nostalgicaerosaintyan.com\/wp-content\/uploads\/2025\/08\/JAG-A25-001.jpg 1747w\" sizes=\"(max-width: 1024px) 100vw, 1024px\" \/><\/figure>\n<\/figure>\n\n\n<p>&nbsp;<\/p>\n<h1 style=\"text-align: center;\"><strong><em>Retour \u00e0 la page :\u00a0<\/em><a href=\"https:\/\/nostalgicaerosaintyan.com\/2012-2\/\">2012<\/a><\/strong><\/h1>\n<p>&nbsp;<\/p>\n<p>&nbsp;<\/p>\n<p>&nbsp;<\/p>\n<p>&nbsp;<\/p>\n\n\n<p><\/p>\n","protected":false},"excerpt":{"rendered":"<p>&nbsp; &nbsp; &nbsp; Retour \u00e0 la page :\u00a02012 &nbsp; &nbsp; &nbsp; &nbsp;<\/p>\n","protected":false},"author":1,"featured_media":0,"parent":0,"menu_order":0,"comment_status":"closed","ping_status":"closed","template":"","meta":{"footnotes":""},"class_list":["post-3447","page","type-page","status-publish","hentry"],"_links":{"self":[{"href":"https:\/\/nostalgicaerosaintyan.com\/index.php?rest_route=\/wp\/v2\/pages\/3447","targetHints":{"allow":["GET"]}}],"collection":[{"href":"https:\/\/nostalgicaerosaintyan.com\/index.php?rest_route=\/wp\/v2\/pages"}],"about":[{"href":"https:\/\/nostalgicaerosaintyan.com\/index.php?rest_route=\/wp\/v2\/types\/page"}],"author":[{"embeddable":true,"href":"https:\/\/nostalgicaerosaintyan.com\/index.php?rest_route=\/wp\/v2\/users\/1"}],"replies":[{"embeddable":true,"href":"https:\/\/nostalgicaerosaintyan.com\/index.php?rest_route=%2Fwp%2Fv2%2Fcomments&post=3447"}],"version-history":[{"count":6,"href":"https:\/\/nostalgicaerosaintyan.com\/index.php?rest_route=\/wp\/v2\/pages\/3447\/revisions"}],"predecessor-version":[{"id":3483,"href":"https:\/\/nostalgicaerosaintyan.com\/index.php?rest_route=\/wp\/v2\/pages\/3447\/revisions\/3483"}],"wp:attachment":[{"href":"https:\/\/nostalgicaerosaintyan.com\/index.php?rest_route=%2Fwp%2Fv2%2Fmedia&parent=3447"}],"curies":[{"name":"wp","href":"https:\/\/api.w.org\/{rel}","templated":true}]}}