{"id":3127,"date":"2025-07-20T10:08:38","date_gmt":"2025-07-20T10:08:38","guid":{"rendered":"https:\/\/nostalgicaerosaintyan.com\/?page_id=3127"},"modified":"2025-08-13T18:14:30","modified_gmt":"2025-08-13T18:14:30","slug":"a-propos-nostalgic-aero","status":"publish","type":"page","link":"https:\/\/nostalgicaerosaintyan.com\/?page_id=3127","title":{"rendered":"A propos NOSTALGIC"},"content":{"rendered":"\n<p><\/p>\n\n\n\n<p><\/p>\n\n\n\n<p><\/p>\n\n\n<p>&nbsp;<\/p>\n<h2 style=\"text-align: center;\"><i style=\"text-align: center;\">\u00ab\u00a0 Concernant la remise en ligne du site NOSTALGIC AERO,<\/i><\/h2>\n<h2 style=\"text-align: center;\"><i>red\u00e9marrage en douceur apr\u00e8s une longue pause,<\/i><\/h2>\n<h2 style=\"text-align: center;\"><em>pour raison perso<\/em><strong><em>,<\/em><\/strong><\/h2>\n<p>=====================================================================<\/p>\n<h2 style=\"text-align: center;\"><img fetchpriority=\"high\" decoding=\"async\" src=\"https:\/\/nostalgicaerosaintyan.com\/wp-content\/uploads\/2025\/08\/Arret-Nostalgic-300x56.jpg\" alt=\"\" width=\"943\" height=\"176\" \/><\/h2>\n<p>======================================================================<\/p>\n<h2>\u00a0<\/h2>\n<h2 style=\"text-align: center;\"><i>Merci pour votre compr\u00e9hension et votre patience.<\/i><\/h2>\n<p>&nbsp;<\/p>\n<h2 style=\"text-align: center;\"><i>Belle journ\u00e9e \u00e0 toutes et \u00e0 tous\u00a0 \u00bb<\/i><\/h2>\n<p>&nbsp;<\/p>\n<p>&nbsp;<\/p>\n<p style=\"text-align: center;\">\n\n\n<h2 class=\"wp-block-heading\"><\/h2>\n\n\n<p>&nbsp;<\/p>\n<h2 style=\"text-align: center;\"><strong><em>Retour \u00e0 la page :\u00a0<a href=\"https:\/\/nostalgicaerosaintyan.com\/\">NOSTALGIC AERO<\/a><\/em><\/strong><\/h2>\n<p>&nbsp;<\/p>\n<p><iframe title=\"Video Placeholder\" width=\"1140\" height=\"641\" src=\"https:\/\/www.youtube.com\/embed\/XHOmBV4js_E?feature=oembed\" frameborder=\"0\" allow=\"accelerometer; autoplay; clipboard-write; encrypted-media; gyroscope; picture-in-picture; web-share\" referrerpolicy=\"strict-origin-when-cross-origin\" allowfullscreen><\/iframe><\/p>\n\n\n<p><\/p>\n","protected":false},"excerpt":{"rendered":"<p>&nbsp; \u00ab\u00a0 Concernant la remise en ligne du site NOSTALGIC AERO, red\u00e9marrage en douceur apr\u00e8s une longue pause, pour raison&hellip;<\/p>\n","protected":false},"author":1,"featured_media":0,"parent":0,"menu_order":0,"comment_status":"closed","ping_status":"closed","template":"","meta":{"footnotes":""},"class_list":["post-3127","page","type-page","status-publish","hentry"],"_links":{"self":[{"href":"https:\/\/nostalgicaerosaintyan.com\/index.php?rest_route=\/wp\/v2\/pages\/3127","targetHints":{"allow":["GET"]}}],"collection":[{"href":"https:\/\/nostalgicaerosaintyan.com\/index.php?rest_route=\/wp\/v2\/pages"}],"about":[{"href":"https:\/\/nostalgicaerosaintyan.com\/index.php?rest_route=\/wp\/v2\/types\/page"}],"author":[{"embeddable":true,"href":"https:\/\/nostalgicaerosaintyan.com\/index.php?rest_route=\/wp\/v2\/users\/1"}],"replies":[{"embeddable":true,"href":"https:\/\/nostalgicaerosaintyan.com\/index.php?rest_route=%2Fwp%2Fv2%2Fcomments&post=3127"}],"version-history":[{"count":15,"href":"https:\/\/nostalgicaerosaintyan.com\/index.php?rest_route=\/wp\/v2\/pages\/3127\/revisions"}],"predecessor-version":[{"id":3667,"href":"https:\/\/nostalgicaerosaintyan.com\/index.php?rest_route=\/wp\/v2\/pages\/3127\/revisions\/3667"}],"wp:attachment":[{"href":"https:\/\/nostalgicaerosaintyan.com\/index.php?rest_route=%2Fwp%2Fv2%2Fmedia&parent=3127"}],"curies":[{"name":"wp","href":"https:\/\/api.w.org\/{rel}","templated":true}]}}