{"id":18,"date":"2022-12-03T13:55:34","date_gmt":"2022-12-03T13:55:34","guid":{"rendered":"https:\/\/nostalgicaerosaintyan.com\/?page_id=18"},"modified":"2025-07-21T14:52:02","modified_gmt":"2025-07-21T14:52:02","slug":"acces-par-la-route","status":"publish","type":"page","link":"https:\/\/nostalgicaerosaintyan.com\/?page_id=18","title":{"rendered":"Acc\u00e8s par la route"},"content":{"rendered":"<div class=\"wp-block-columns\">\n<div class=\"wp-block-column has-white-color has-vivid-cyan-blue-background-color has-text-color has-background\">\n<h4><strong><em>* depuis Roanne : 50 km environ<\/em><\/strong><\/h4>\n<p><strong><em>depuis Roanne, prendre direction D 482,<br \/>Prendre la direction Iguerande restez sur D 482,<br \/>Suivre D982 Iguerande,<br \/>Contournez Marcigny direction Saint Yan Paray le Monial,<\/em><\/strong><\/p>\n<p><strong><em>prendre \u00e0 gauche \u00e0 \u00ab\u00a0les Sorbonnes\u00a0\u00bb,<\/em><\/strong><\/p>\n<p><strong><em>route de Marcigny,<\/em><\/strong><\/p>\n<p><strong><em>apr\u00e8s station TOTAL RENAULT Garage RAMEAU \u00e0 votre gauche ,<\/em><\/strong><\/p>\n<p><strong><em>prendre la premi\u00e8re \u00e0 gauche direction A\u00e9rogare Saint Yan<br \/>(le parking de l&rsquo;a\u00e9rogare est \u00e0 proximit\u00e9 de l&rsquo;A\u00e9roclub et du hangar n\u00b06 NOSTALGIC AERO)<\/em><\/strong><\/p>\n<\/div>\n<\/div>\n<div class=\"wp-block-columns\">\n<div class=\"wp-block-column\">\n<div class=\"wp-block-columns\">\n<div class=\"wp-block-column has-white-color has-vivid-cyan-blue-background-color has-text-color has-background\">\n<h4><em><strong>* Depuis Paray le Monial centre : 9 km environ<\/strong><\/em><\/h4>\n<p><em><strong>suivre D 979 quai du Commerce&nbsp;<\/strong><\/em><em><strong>prendre \u00e0 gauche, route de Saint Yan D352 bis,<br \/>au<\/strong>&nbsp;rond-point<strong>&nbsp; suivre \u00e0 droite route de Saint Yan D 352 bis,<\/strong><\/em><\/p>\n<p><em><strong>apr\u00e8s le virage sur la droite, prendre sortie \u00e0 droite direction Saint Yan,<\/strong><\/em><\/p>\n<p><em><strong>\u00e0 Saint Yan, prendre tout droit route de Marcigny,<\/strong><\/em><\/p>\n<p><em><strong>traverser Saint Yan,<\/strong><\/em><\/p>\n<p><em><strong>apr\u00e8s le pont sur l&rsquo;Arconce,&nbsp; prendre la 3\u00e9me route \u00e0 droite direction A\u00e9rogare<br \/>(le parking de l&rsquo;a\u00e9rogare est \u00e0 proximit\u00e9 de l&rsquo;A\u00e9roclub et du hangar n\u00b06 NOSTALGIC AERO)<\/strong><\/em><\/p>\n<\/p>\n<\/div>\n<\/div>\n<div class=\"wp-block-columns\">\n<div class=\"wp-block-column has-white-color has-vivid-cyan-blue-background-color has-text-color has-background\">\n<h4><em><strong>* Depuis la RCEA N79 en venant de MOULINS : 7 km environ<br \/><\/strong><\/em><em><strong>prendre sortie Digoin,<\/strong><\/em><\/h4>\n<p><em><strong>au rond point, prendre la 3\u00e9me sortie D982, direction A\u00e9rodrome Saint Yan, route de Digoin,<\/strong><\/em><\/p>\n<p><em><strong>traverser Tranche Gorge,<\/strong><\/em><\/p>\n<p><em><strong>traverser Varennes Saint Germain,<\/strong><\/em><\/p>\n<p><em><strong>\u00e0 Saint Yan, prendre \u00e0 droite route de Marcigny,<\/strong><\/em><\/p>\n<p><em><strong>traverser Saint Yan,<\/strong><\/em><\/p>\n<p><em><strong>apr\u00e8s le pont sur l&rsquo;Arconce,&nbsp; prendre la 3\u00e9me route \u00e0 droite direction A\u00e9rogare<br \/>(le parking de l&rsquo;a\u00e9rogare est \u00e0 proximit\u00e9 de l&rsquo;A\u00e9roclub et du hangar n\u00b06 NOSTALGIC AERO)<\/strong><\/em><\/p>\n<\/div>\n<\/div>\n<\/div>\n<\/div>\n<div class=\"wp-block-columns\">&nbsp;<\/div>\n\n\n<div class=\"wp-block-columns is-layout-flex wp-container-core-columns-is-layout-9d6595d7 wp-block-columns-is-layout-flex\">\n<div class=\"wp-block-column has-black-color has-light-green-cyan-background-color has-text-color has-background is-layout-flow wp-block-column-is-layout-flow\"><div class=\"wp-block-image\">\n<figure class=\"aligncenter size-large\"><img fetchpriority=\"high\" decoding=\"async\" width=\"1024\" height=\"768\" src=\"https:\/\/nostalgicaerosaintyan.com\/wp-content\/uploads\/2022\/12\/Aerogare-STYAN-1024x768.jpg\" alt=\"\" class=\"wp-image-411\" srcset=\"https:\/\/nostalgicaerosaintyan.com\/wp-content\/uploads\/2022\/12\/Aerogare-STYAN-1024x768.jpg 1024w, https:\/\/nostalgicaerosaintyan.com\/wp-content\/uploads\/2022\/12\/Aerogare-STYAN-300x225.jpg 300w, https:\/\/nostalgicaerosaintyan.com\/wp-content\/uploads\/2022\/12\/Aerogare-STYAN-768x576.jpg 768w, https:\/\/nostalgicaerosaintyan.com\/wp-content\/uploads\/2022\/12\/Aerogare-STYAN-1536x1152.jpg 1536w, https:\/\/nostalgicaerosaintyan.com\/wp-content\/uploads\/2022\/12\/Aerogare-STYAN-160x120.jpg 160w, https:\/\/nostalgicaerosaintyan.com\/wp-content\/uploads\/2022\/12\/Aerogare-STYAN.jpg 1653w\" sizes=\"(max-width: 1024px) 100vw, 1024px\" \/><figcaption class=\"wp-element-caption\"><em><strong>A\u00e9rogare de l&rsquo;A\u00e9roport de Saint Yan<\/strong><\/em><\/figcaption><\/figure>\n<\/div><\/div>\n\n\n\n<div class=\"wp-block-column has-black-color has-light-green-cyan-background-color has-text-color has-background is-layout-flow wp-block-column-is-layout-flow\"><div class=\"wp-block-image\">\n<figure class=\"aligncenter size-large\"><img decoding=\"async\" width=\"1024\" height=\"768\" src=\"https:\/\/nostalgicaerosaintyan.com\/wp-content\/uploads\/2022\/12\/Parking-aerogare-STYAN-1024x768.jpg\" alt=\"\" class=\"wp-image-412\" srcset=\"https:\/\/nostalgicaerosaintyan.com\/wp-content\/uploads\/2022\/12\/Parking-aerogare-STYAN-1024x768.jpg 1024w, https:\/\/nostalgicaerosaintyan.com\/wp-content\/uploads\/2022\/12\/Parking-aerogare-STYAN-300x225.jpg 300w, https:\/\/nostalgicaerosaintyan.com\/wp-content\/uploads\/2022\/12\/Parking-aerogare-STYAN-768x576.jpg 768w, https:\/\/nostalgicaerosaintyan.com\/wp-content\/uploads\/2022\/12\/Parking-aerogare-STYAN-1536x1152.jpg 1536w, https:\/\/nostalgicaerosaintyan.com\/wp-content\/uploads\/2022\/12\/Parking-aerogare-STYAN-160x120.jpg 160w, https:\/\/nostalgicaerosaintyan.com\/wp-content\/uploads\/2022\/12\/Parking-aerogare-STYAN.jpg 1653w\" sizes=\"(max-width: 1024px) 100vw, 1024px\" \/><figcaption class=\"wp-element-caption\">       <em><strong>Parking de l&rsquo;a\u00e9rogare commun \u00e0 l&rsquo;A\u00e9roclub,  <\/strong><\/em><br>   <em><strong>hangar fa\u00e7ade blanche<\/strong><\/em> <\/figcaption><\/figure>\n<\/div><\/div>\n<\/div>\n\n\n\n<div class=\"wp-block-columns is-layout-flex wp-container-core-columns-is-layout-9d6595d7 wp-block-columns-is-layout-flex\">\n<div class=\"wp-block-column has-black-color has-light-green-cyan-background-color has-text-color has-background is-layout-flow wp-block-column-is-layout-flow\" style=\"flex-basis:33.33%\">\n<p style=\"text-align: center;\"><strong><em>L&rsquo;Association NOSTALGIC AERO est situ\u00e9e dans le hangar n\u00b06 voisin du hangar de l&rsquo;A\u00e9roclub<\/em><\/strong><\/p>\n<\/div>\n\n\n\n<div class=\"wp-block-column is-layout-flow wp-block-column-is-layout-flow\" style=\"flex-basis:66.66%\">\n<figure class=\"wp-block-image size-large\"><img decoding=\"async\" width=\"1024\" height=\"762\" src=\"https:\/\/nostalgicaerosaintyan.com\/wp-content\/uploads\/2022\/12\/Hangars-Saint-Yan-71600-1024x762.jpg\" alt=\"\" class=\"wp-image-414\" srcset=\"https:\/\/nostalgicaerosaintyan.com\/wp-content\/uploads\/2022\/12\/Hangars-Saint-Yan-71600-1024x762.jpg 1024w, https:\/\/nostalgicaerosaintyan.com\/wp-content\/uploads\/2022\/12\/Hangars-Saint-Yan-71600-300x223.jpg 300w, https:\/\/nostalgicaerosaintyan.com\/wp-content\/uploads\/2022\/12\/Hangars-Saint-Yan-71600-768x572.jpg 768w, https:\/\/nostalgicaerosaintyan.com\/wp-content\/uploads\/2022\/12\/Hangars-Saint-Yan-71600-1536x1144.jpg 1536w, https:\/\/nostalgicaerosaintyan.com\/wp-content\/uploads\/2022\/12\/Hangars-Saint-Yan-71600-160x120.jpg 160w, https:\/\/nostalgicaerosaintyan.com\/wp-content\/uploads\/2022\/12\/Hangars-Saint-Yan-71600.jpg 1621w\" sizes=\"(max-width: 1024px) 100vw, 1024px\" \/><\/figure>\n<\/div>\n<\/div>\n\n\n<p>&nbsp;<\/p>\n<h2 style=\"text-align: center;\"><strong><em>Retour \u00e0 la page : <a href=\"https:\/\/nostalgicaerosaintyan.com\/caisse-a-outils\/\">Notre caisse \u00e0 outils<\/a><\/em><\/strong><\/h2>\n<p>&nbsp;<\/p>\n<p>&nbsp;<\/p>","protected":false},"excerpt":{"rendered":"<p>* depuis Roanne : 50 km environ depuis Roanne, prendre direction D 482,Prendre la direction Iguerande restez sur D 482,Suivre&hellip;<\/p>\n","protected":false},"author":1,"featured_media":0,"parent":0,"menu_order":0,"comment_status":"closed","ping_status":"closed","template":"","meta":{"footnotes":""},"class_list":["post-18","page","type-page","status-publish","hentry"],"_links":{"self":[{"href":"https:\/\/nostalgicaerosaintyan.com\/index.php?rest_route=\/wp\/v2\/pages\/18","targetHints":{"allow":["GET"]}}],"collection":[{"href":"https:\/\/nostalgicaerosaintyan.com\/index.php?rest_route=\/wp\/v2\/pages"}],"about":[{"href":"https:\/\/nostalgicaerosaintyan.com\/index.php?rest_route=\/wp\/v2\/types\/page"}],"author":[{"embeddable":true,"href":"https:\/\/nostalgicaerosaintyan.com\/index.php?rest_route=\/wp\/v2\/users\/1"}],"replies":[{"embeddable":true,"href":"https:\/\/nostalgicaerosaintyan.com\/index.php?rest_route=%2Fwp%2Fv2%2Fcomments&post=18"}],"version-history":[{"count":12,"href":"https:\/\/nostalgicaerosaintyan.com\/index.php?rest_route=\/wp\/v2\/pages\/18\/revisions"}],"predecessor-version":[{"id":3284,"href":"https:\/\/nostalgicaerosaintyan.com\/index.php?rest_route=\/wp\/v2\/pages\/18\/revisions\/3284"}],"wp:attachment":[{"href":"https:\/\/nostalgicaerosaintyan.com\/index.php?rest_route=%2Fwp%2Fv2%2Fmedia&parent=18"}],"curies":[{"name":"wp","href":"https:\/\/api.w.org\/{rel}","templated":true}]}}