{"id":112,"date":"2022-12-07T13:11:13","date_gmt":"2022-12-07T13:11:13","guid":{"rendered":"https:\/\/nostalgicaerosaintyan.com\/?page_id=112"},"modified":"2025-07-21T08:19:58","modified_gmt":"2025-07-21T08:19:58","slug":"de-2012-a-2015-partenariat-nostalgic-aero-cfa-auto-de-macon","status":"publish","type":"page","link":"https:\/\/nostalgicaerosaintyan.com\/?page_id=112","title":{"rendered":"de 2012 \u00e0 2015 partenariat NOSTALGIC AERO CFA AUTO de MACON"},"content":{"rendered":"\n<div class=\"wp-block-columns is-layout-flex wp-container-core-columns-is-layout-9d6595d7 wp-block-columns-is-layout-flex\">\n<div class=\"wp-block-column has-black-color has-pale-cyan-blue-background-color has-text-color has-background is-layout-flow wp-block-column-is-layout-flow\">\n<p class=\"has-text-align-center has-black-color has-pale-cyan-blue-background-color has-text-color has-background\"><strong><em>Le partenariat a \u00e9t\u00e9 initi\u00e9 par<\/em><\/strong><\/p>\n\n\n\n<p class=\"has-text-align-center has-black-color has-pale-cyan-blue-background-color has-text-color has-background\"> <strong><em>Christian-Marc RECHIN,<\/em><\/strong><\/p>\n\n\n\n<p class=\"has-text-align-center has-black-color has-text-color\"><strong><em>alors enseignant au CFA Automobiles de Macon<\/em><\/strong><\/p>\n\n\n\n<p class=\"has-text-align-center has-black-color has-text-color\"><strong><em> et membre de NOSTALGIC AERO,&nbsp;<\/em><\/strong><\/p>\n\n\n\n<p class=\"has-text-align-center has-black-color has-text-color\"><em>les 3 t\u00e2ches d\u00e9crites ci-contre ont \u00e9t\u00e9 confi\u00e9s<\/em>,<\/p>\n\n\n\n<p class=\"has-text-align-center\">en fonction de leur sp\u00e9cificit\u00e9s<\/p>\n\n\n\n<p class=\"has-text-align-center has-black-color has-text-color\"><em>aux apprentis du CFA,<\/em><\/p>\n\n\n\n<p class=\"has-text-align-center has-vivid-cyan-blue-background-color has-background\"><strong><em>les travaux ont \u00e9t\u00e9 encadr\u00e9s par leurs enseignants respectifs&nbsp; :<\/em><\/strong><\/p>\n<\/div>\n\n\n\n<div class=\"wp-block-column has-white-color has-light-green-cyan-background-color has-text-color has-background is-layout-flow wp-block-column-is-layout-flow\">\n<p><\/p>\n\n\n\n<p class=\"has-text-align-center has-white-color has-vivid-red-background-color has-text-color has-background\"><strong><em><a href=\"https:\/\/nostalgicaerosaintyan.com\/mise-en-appret-de-30-elements\/\" data-type=\"page\" data-id=\"444\">Mise en appr\u00eat de 30 \u00e9l\u00e9ments<\/a><\/em><\/strong><\/p>\n\n\n\n<p><\/p>\n\n\n\n<p class=\"has-text-align-center has-white-color has-vivid-red-background-color has-text-color has-background\"><em><strong><a href=\"https:\/\/nostalgicaerosaintyan.com\/realisation-15-projets-de-logos\/\" data-type=\"page\" data-id=\"680\">R\u00e9alisation 15 projets de logos CFA MACON NOSTALGIC AERO<\/a><\/strong><\/em><\/p>\n\n\n\n<p><\/p>\n\n\n\n<p class=\"has-text-align-center has-white-color has-vivid-red-background-color has-text-color has-background\"><em><strong><a href=\"https:\/\/nostalgicaerosaintyan.com\/lavage-exterieur-de-deux-moteurs-250-cv-pour-dornier\/\" data-type=\"page\" data-id=\"692\">Lavage ext\u00e9rieur 2 moteurs 250 CV<\/a><\/strong><\/em><\/p>\n<\/div>\n<\/div>\n\n\n\n<div class=\"wp-block-columns is-layout-flex wp-container-core-columns-is-layout-9d6595d7 wp-block-columns-is-layout-flex\">\n<div class=\"wp-block-column is-layout-flow wp-block-column-is-layout-flow\"><\/div>\n\n\n\n<div class=\"wp-block-column is-layout-flow wp-block-column-is-layout-flow\"><\/div>\n<\/div>\n\n\n\n<figure class=\"wp-block-image size-large\"><img fetchpriority=\"high\" decoding=\"async\" width=\"1024\" height=\"769\" src=\"https:\/\/nostalgicaerosaintyan.com\/wp-content\/uploads\/2024\/01\/Partenariat-juin-2012-2-1024x769.jpg\" alt=\"\" class=\"wp-image-2513\" srcset=\"https:\/\/nostalgicaerosaintyan.com\/wp-content\/uploads\/2024\/01\/Partenariat-juin-2012-2-1024x769.jpg 1024w, https:\/\/nostalgicaerosaintyan.com\/wp-content\/uploads\/2024\/01\/Partenariat-juin-2012-2-300x225.jpg 300w, https:\/\/nostalgicaerosaintyan.com\/wp-content\/uploads\/2024\/01\/Partenariat-juin-2012-2-768x577.jpg 768w, https:\/\/nostalgicaerosaintyan.com\/wp-content\/uploads\/2024\/01\/Partenariat-juin-2012-2-160x120.jpg 160w, https:\/\/nostalgicaerosaintyan.com\/wp-content\/uploads\/2024\/01\/Partenariat-juin-2012-2.jpg 1504w\" sizes=\"(max-width: 1024px) 100vw, 1024px\" \/><\/figure>\n\n\n\n<div class=\"wp-block-columns has-black-color has-light-green-cyan-background-color has-text-color has-background is-layout-flex wp-container-core-columns-is-layout-9d6595d7 wp-block-columns-is-layout-flex\">\n<div class=\"wp-block-column is-layout-flow wp-block-column-is-layout-flow\" style=\"flex-basis:33.33%\">\n<h3>&nbsp;<\/h3>\n<h3>&nbsp;<\/h3>\n<h3 style=\"text-align: center;\"><em>Pr\u00e9sentation g\u00e9n\u00e9rale <\/em><\/h3>\n<h3 style=\"text-align: center;\"><em>des travaux r\u00e9alis\u00e9s par <\/em><\/h3>\n<h3 style=\"text-align: center;\"><em>les diff\u00e9rentes classes <\/em><\/h3>\n<h3 style=\"text-align: center;\"><em>du CFA AUTO MACON<\/em><\/h3>\n<\/div>\n\n\n\n<div class=\"wp-block-column is-layout-flow wp-block-column-is-layout-flow\" style=\"flex-basis:66.66%\">\n<figure data-wp-context=\"{&quot;imageId&quot;:&quot;69e5eee114b8c&quot;}\" data-wp-interactive=\"core\/image\" data-wp-key=\"69e5eee114b8c\" class=\"wp-block-image size-full wp-lightbox-container\"><img decoding=\"async\" width=\"720\" height=\"540\" data-wp-class--hide=\"state.isContentHidden\" data-wp-class--show=\"state.isContentVisible\" data-wp-init=\"callbacks.setButtonStyles\" data-wp-on--click=\"actions.showLightbox\" data-wp-on--load=\"callbacks.setButtonStyles\" data-wp-on-window--resize=\"callbacks.setButtonStyles\" src=\"https:\/\/nostalgicaerosaintyan.com\/wp-content\/uploads\/2022\/12\/Partenariat-01-__-13-12-1.jpg\" alt=\"\" class=\"wp-image-589\" srcset=\"https:\/\/nostalgicaerosaintyan.com\/wp-content\/uploads\/2022\/12\/Partenariat-01-__-13-12-1.jpg 720w, https:\/\/nostalgicaerosaintyan.com\/wp-content\/uploads\/2022\/12\/Partenariat-01-__-13-12-1-300x225.jpg 300w, https:\/\/nostalgicaerosaintyan.com\/wp-content\/uploads\/2022\/12\/Partenariat-01-__-13-12-1-160x120.jpg 160w\" sizes=\"(max-width: 720px) 100vw, 720px\" \/><button\n\t\t\tclass=\"lightbox-trigger\"\n\t\t\ttype=\"button\"\n\t\t\taria-haspopup=\"dialog\"\n\t\t\taria-label=\"Agrandir\"\n\t\t\tdata-wp-init=\"callbacks.initTriggerButton\"\n\t\t\tdata-wp-on--click=\"actions.showLightbox\"\n\t\t\tdata-wp-style--right=\"state.imageButtonRight\"\n\t\t\tdata-wp-style--top=\"state.imageButtonTop\"\n\t\t>\n\t\t\t<svg xmlns=\"http:\/\/www.w3.org\/2000\/svg\" width=\"12\" height=\"12\" fill=\"none\" viewBox=\"0 0 12 12\">\n\t\t\t\t<path fill=\"#fff\" d=\"M2 0a2 2 0 0 0-2 2v2h1.5V2a.5.5 0 0 1 .5-.5h2V0H2Zm2 10.5H2a.5.5 0 0 1-.5-.5V8H0v2a2 2 0 0 0 2 2h2v-1.5ZM8 12v-1.5h2a.5.5 0 0 0 .5-.5V8H12v2a2 2 0 0 1-2 2H8Zm2-12a2 2 0 0 1 2 2v2h-1.5V2a.5.5 0 0 0-.5-.5H8V0h2Z\" \/>\n\t\t\t<\/svg>\n\t\t<\/button><\/figure>\n<\/div>\n<\/div>\n\n\n\n<div class=\"wp-block-columns has-black-color has-light-green-cyan-background-color has-text-color has-background is-layout-flex wp-container-core-columns-is-layout-9d6595d7 wp-block-columns-is-layout-flex\">\n<div class=\"wp-block-column is-layout-flow wp-block-column-is-layout-flow\" style=\"flex-basis:33.33%\">\n<h3 style=\"text-align: center;\"><em>Pr\u00e9sentation chronologique,<\/em><\/h3>\n<h3 style=\"text-align: center;\"><em>en quelques chiffres,<\/em><\/h3>\n<h3 style=\"text-align: center;\"><em>des travaux r\u00e9alis\u00e9s <\/em><\/h3>\n<h3 style=\"text-align: center;\"><em>sous le contr\u00f4le<\/em><\/h3>\n<h3 style=\"text-align: center;\"><em> des enseignants respectifs<\/em><\/h3>\n<\/div>\n\n\n\n<div class=\"wp-block-column is-layout-flow wp-block-column-is-layout-flow\" style=\"flex-basis:66.66%\">\n<figure data-wp-context=\"{&quot;imageId&quot;:&quot;69e5eee1151cc&quot;}\" data-wp-interactive=\"core\/image\" data-wp-key=\"69e5eee1151cc\" class=\"wp-block-image size-full wp-lightbox-container\"><img decoding=\"async\" width=\"606\" height=\"457\" data-wp-class--hide=\"state.isContentHidden\" data-wp-class--show=\"state.isContentVisible\" data-wp-init=\"callbacks.setButtonStyles\" data-wp-on--click=\"actions.showLightbox\" data-wp-on--load=\"callbacks.setButtonStyles\" data-wp-on-window--resize=\"callbacks.setButtonStyles\" src=\"https:\/\/nostalgicaerosaintyan.com\/wp-content\/uploads\/2023\/01\/Partenariat-02.jpg\" alt=\"\" class=\"wp-image-1655\" srcset=\"https:\/\/nostalgicaerosaintyan.com\/wp-content\/uploads\/2023\/01\/Partenariat-02.jpg 606w, https:\/\/nostalgicaerosaintyan.com\/wp-content\/uploads\/2023\/01\/Partenariat-02-300x226.jpg 300w, https:\/\/nostalgicaerosaintyan.com\/wp-content\/uploads\/2023\/01\/Partenariat-02-160x120.jpg 160w\" sizes=\"(max-width: 606px) 100vw, 606px\" \/><button\n\t\t\tclass=\"lightbox-trigger\"\n\t\t\ttype=\"button\"\n\t\t\taria-haspopup=\"dialog\"\n\t\t\taria-label=\"Agrandir\"\n\t\t\tdata-wp-init=\"callbacks.initTriggerButton\"\n\t\t\tdata-wp-on--click=\"actions.showLightbox\"\n\t\t\tdata-wp-style--right=\"state.imageButtonRight\"\n\t\t\tdata-wp-style--top=\"state.imageButtonTop\"\n\t\t>\n\t\t\t<svg xmlns=\"http:\/\/www.w3.org\/2000\/svg\" width=\"12\" height=\"12\" fill=\"none\" viewBox=\"0 0 12 12\">\n\t\t\t\t<path fill=\"#fff\" d=\"M2 0a2 2 0 0 0-2 2v2h1.5V2a.5.5 0 0 1 .5-.5h2V0H2Zm2 10.5H2a.5.5 0 0 1-.5-.5V8H0v2a2 2 0 0 0 2 2h2v-1.5ZM8 12v-1.5h2a.5.5 0 0 0 .5-.5V8H12v2a2 2 0 0 1-2 2H8Zm2-12a2 2 0 0 1 2 2v2h-1.5V2a.5.5 0 0 0-.5-.5H8V0h2Z\" \/>\n\t\t\t<\/svg>\n\t\t<\/button><\/figure>\n<\/div>\n<\/div>\n\n\n<p>&nbsp;<\/p>\n<h2 style=\"text-align: center;\"><strong><em>Retour \u00e0 la page :\u00a0<a href=\"https:\/\/nostalgicaerosaintyan.com\/nos-realisations-partenariat-et-travaux\/\">Nos r\u00e9alisations, partenariat et travaux<\/a><\/em><\/strong><\/h2>\n<h1 class=\"single-title\">\u00a0<\/h1>\n<p>&nbsp;<\/p>\n<p>&nbsp;<\/p>\n\n\n<p><\/p>\n","protected":false},"excerpt":{"rendered":"<p>Le partenariat a \u00e9t\u00e9 initi\u00e9 par Christian-Marc RECHIN, alors enseignant au CFA Automobiles de Macon et membre de NOSTALGIC AERO,&nbsp;&hellip;<\/p>\n","protected":false},"author":1,"featured_media":0,"parent":0,"menu_order":0,"comment_status":"closed","ping_status":"closed","template":"","meta":{"footnotes":""},"class_list":["post-112","page","type-page","status-publish","hentry"],"_links":{"self":[{"href":"https:\/\/nostalgicaerosaintyan.com\/index.php?rest_route=\/wp\/v2\/pages\/112","targetHints":{"allow":["GET"]}}],"collection":[{"href":"https:\/\/nostalgicaerosaintyan.com\/index.php?rest_route=\/wp\/v2\/pages"}],"about":[{"href":"https:\/\/nostalgicaerosaintyan.com\/index.php?rest_route=\/wp\/v2\/types\/page"}],"author":[{"embeddable":true,"href":"https:\/\/nostalgicaerosaintyan.com\/index.php?rest_route=\/wp\/v2\/users\/1"}],"replies":[{"embeddable":true,"href":"https:\/\/nostalgicaerosaintyan.com\/index.php?rest_route=%2Fwp%2Fv2%2Fcomments&post=112"}],"version-history":[{"count":25,"href":"https:\/\/nostalgicaerosaintyan.com\/index.php?rest_route=\/wp\/v2\/pages\/112\/revisions"}],"predecessor-version":[{"id":3235,"href":"https:\/\/nostalgicaerosaintyan.com\/index.php?rest_route=\/wp\/v2\/pages\/112\/revisions\/3235"}],"wp:attachment":[{"href":"https:\/\/nostalgicaerosaintyan.com\/index.php?rest_route=%2Fwp%2Fv2%2Fmedia&parent=112"}],"curies":[{"name":"wp","href":"https:\/\/api.w.org\/{rel}","templated":true}]}}