{"id":109,"date":"2022-12-07T13:10:19","date_gmt":"2022-12-07T13:10:19","guid":{"rendered":"https:\/\/nostalgicaerosaintyan.com\/?page_id=109"},"modified":"2025-08-12T19:06:44","modified_gmt":"2025-08-12T19:06:44","slug":"demontage-chargement-transport-et-remontage-jaguar-monoplace-na25","status":"publish","type":"page","link":"https:\/\/nostalgicaerosaintyan.com\/?page_id=109","title":{"rendered":"D\u00e9montage, chargement et transport JAGUAR A 25 monoplace"},"content":{"rendered":"<p>&nbsp;<\/p>\n<p>&nbsp;<\/p>\n\n\n<figure class=\"wp-block-gallery has-nested-images columns-default is-cropped wp-block-gallery-1 is-layout-flex wp-block-gallery-is-layout-flex\">\n<figure class=\"wp-block-image size-large\"><img fetchpriority=\"high\" decoding=\"async\" width=\"1024\" height=\"683\" data-id=\"3588\" src=\"https:\/\/nostalgicaerosaintyan.com\/wp-content\/uploads\/2025\/08\/Merle-JAG-01-1-1024x683.jpg\" alt=\"\" class=\"wp-image-3588\" srcset=\"https:\/\/nostalgicaerosaintyan.com\/wp-content\/uploads\/2025\/08\/Merle-JAG-01-1-1024x683.jpg 1024w, https:\/\/nostalgicaerosaintyan.com\/wp-content\/uploads\/2025\/08\/Merle-JAG-01-1-300x200.jpg 300w, https:\/\/nostalgicaerosaintyan.com\/wp-content\/uploads\/2025\/08\/Merle-JAG-01-1-768x512.jpg 768w, https:\/\/nostalgicaerosaintyan.com\/wp-content\/uploads\/2025\/08\/Merle-JAG-01-1-1536x1024.jpg 1536w, https:\/\/nostalgicaerosaintyan.com\/wp-content\/uploads\/2025\/08\/Merle-JAG-01-1.jpg 1599w\" sizes=\"(max-width: 1024px) 100vw, 1024px\" \/><\/figure>\n<\/figure>\n\n\n\n<figure class=\"wp-block-gallery has-nested-images columns-default is-cropped wp-block-gallery-2 is-layout-flex wp-block-gallery-is-layout-flex\">\n<figure class=\"wp-block-image size-large\"><img decoding=\"async\" width=\"1024\" height=\"683\" data-id=\"3589\" src=\"https:\/\/nostalgicaerosaintyan.com\/wp-content\/uploads\/2025\/08\/Merle-JAG-02-1-1024x683.jpg\" alt=\"\" class=\"wp-image-3589\" srcset=\"https:\/\/nostalgicaerosaintyan.com\/wp-content\/uploads\/2025\/08\/Merle-JAG-02-1-1024x683.jpg 1024w, https:\/\/nostalgicaerosaintyan.com\/wp-content\/uploads\/2025\/08\/Merle-JAG-02-1-300x200.jpg 300w, https:\/\/nostalgicaerosaintyan.com\/wp-content\/uploads\/2025\/08\/Merle-JAG-02-1-768x512.jpg 768w, https:\/\/nostalgicaerosaintyan.com\/wp-content\/uploads\/2025\/08\/Merle-JAG-02-1-1536x1025.jpg 1536w, https:\/\/nostalgicaerosaintyan.com\/wp-content\/uploads\/2025\/08\/Merle-JAG-02-1.jpg 1599w\" sizes=\"(max-width: 1024px) 100vw, 1024px\" \/><\/figure>\n<\/figure>\n\n\n\n<figure class=\"wp-block-gallery has-nested-images columns-default is-cropped wp-block-gallery-3 is-layout-flex wp-block-gallery-is-layout-flex\">\n<figure class=\"wp-block-image size-large\"><img decoding=\"async\" width=\"1024\" height=\"683\" data-id=\"3590\" src=\"https:\/\/nostalgicaerosaintyan.com\/wp-content\/uploads\/2025\/08\/Merle-JAG-03-1-1024x683.jpg\" alt=\"\" class=\"wp-image-3590\" srcset=\"https:\/\/nostalgicaerosaintyan.com\/wp-content\/uploads\/2025\/08\/Merle-JAG-03-1-1024x683.jpg 1024w, https:\/\/nostalgicaerosaintyan.com\/wp-content\/uploads\/2025\/08\/Merle-JAG-03-1-300x200.jpg 300w, https:\/\/nostalgicaerosaintyan.com\/wp-content\/uploads\/2025\/08\/Merle-JAG-03-1-768x512.jpg 768w, https:\/\/nostalgicaerosaintyan.com\/wp-content\/uploads\/2025\/08\/Merle-JAG-03-1-1536x1024.jpg 1536w, https:\/\/nostalgicaerosaintyan.com\/wp-content\/uploads\/2025\/08\/Merle-JAG-03-1.jpg 1599w\" sizes=\"(max-width: 1024px) 100vw, 1024px\" \/><\/figure>\n<\/figure>\n\n\n\n<figure class=\"wp-block-gallery has-nested-images columns-default is-cropped wp-block-gallery-4 is-layout-flex wp-block-gallery-is-layout-flex\">\n<figure class=\"wp-block-image size-large\"><img loading=\"lazy\" decoding=\"async\" width=\"1024\" height=\"768\" data-id=\"3592\" src=\"https:\/\/nostalgicaerosaintyan.com\/wp-content\/uploads\/2025\/08\/Merle-JAG-04-1-1024x768.jpg\" alt=\"\" class=\"wp-image-3592\" srcset=\"https:\/\/nostalgicaerosaintyan.com\/wp-content\/uploads\/2025\/08\/Merle-JAG-04-1-1024x768.jpg 1024w, https:\/\/nostalgicaerosaintyan.com\/wp-content\/uploads\/2025\/08\/Merle-JAG-04-1-300x225.jpg 300w, https:\/\/nostalgicaerosaintyan.com\/wp-content\/uploads\/2025\/08\/Merle-JAG-04-1-768x576.jpg 768w, https:\/\/nostalgicaerosaintyan.com\/wp-content\/uploads\/2025\/08\/Merle-JAG-04-1-1536x1153.jpg 1536w, https:\/\/nostalgicaerosaintyan.com\/wp-content\/uploads\/2025\/08\/Merle-JAG-04-1-160x120.jpg 160w, https:\/\/nostalgicaerosaintyan.com\/wp-content\/uploads\/2025\/08\/Merle-JAG-04-1.jpg 1599w\" sizes=\"(max-width: 1024px) 100vw, 1024px\" \/><\/figure>\n<\/figure>\n\n\n\n<div class=\"wp-block-columns is-layout-flex wp-container-core-columns-is-layout-9d6595d7 wp-block-columns-is-layout-flex\">\n<div class=\"wp-block-column is-layout-flow wp-block-column-is-layout-flow\"><\/div>\n<\/div>\n\n\n\n<div class=\"wp-block-columns is-layout-flex wp-container-core-columns-is-layout-9d6595d7 wp-block-columns-is-layout-flex\">\n<div class=\"wp-block-column is-layout-flow wp-block-column-is-layout-flow\"><div class=\"wp-block-image\">\n<figure data-wp-context=\"{&quot;imageId&quot;:&quot;69e88d0e65037&quot;}\" data-wp-interactive=\"core\/image\" data-wp-key=\"69e88d0e65037\" class=\"aligncenter size-full wp-lightbox-container\"><img loading=\"lazy\" decoding=\"async\" width=\"1599\" height=\"1200\" data-wp-class--hide=\"state.isContentHidden\" data-wp-class--show=\"state.isContentVisible\" data-wp-init=\"callbacks.setButtonStyles\" data-wp-on--click=\"actions.showLightbox\" data-wp-on--load=\"callbacks.setButtonStyles\" data-wp-on-window--resize=\"callbacks.setButtonStyles\" src=\"https:\/\/nostalgicaerosaintyan.com\/wp-content\/uploads\/2025\/08\/Merle-JAG-05.jpg\" alt=\"\" class=\"wp-image-3594\" srcset=\"https:\/\/nostalgicaerosaintyan.com\/wp-content\/uploads\/2025\/08\/Merle-JAG-05.jpg 1599w, https:\/\/nostalgicaerosaintyan.com\/wp-content\/uploads\/2025\/08\/Merle-JAG-05-300x225.jpg 300w, https:\/\/nostalgicaerosaintyan.com\/wp-content\/uploads\/2025\/08\/Merle-JAG-05-1024x768.jpg 1024w, https:\/\/nostalgicaerosaintyan.com\/wp-content\/uploads\/2025\/08\/Merle-JAG-05-768x576.jpg 768w, https:\/\/nostalgicaerosaintyan.com\/wp-content\/uploads\/2025\/08\/Merle-JAG-05-1536x1153.jpg 1536w, https:\/\/nostalgicaerosaintyan.com\/wp-content\/uploads\/2025\/08\/Merle-JAG-05-160x120.jpg 160w\" sizes=\"(max-width: 1599px) 100vw, 1599px\" \/><button\n\t\t\tclass=\"lightbox-trigger\"\n\t\t\ttype=\"button\"\n\t\t\taria-haspopup=\"dialog\"\n\t\t\taria-label=\"Agrandir\"\n\t\t\tdata-wp-init=\"callbacks.initTriggerButton\"\n\t\t\tdata-wp-on--click=\"actions.showLightbox\"\n\t\t\tdata-wp-style--right=\"state.imageButtonRight\"\n\t\t\tdata-wp-style--top=\"state.imageButtonTop\"\n\t\t>\n\t\t\t<svg xmlns=\"http:\/\/www.w3.org\/2000\/svg\" width=\"12\" height=\"12\" fill=\"none\" viewBox=\"0 0 12 12\">\n\t\t\t\t<path fill=\"#fff\" d=\"M2 0a2 2 0 0 0-2 2v2h1.5V2a.5.5 0 0 1 .5-.5h2V0H2Zm2 10.5H2a.5.5 0 0 1-.5-.5V8H0v2a2 2 0 0 0 2 2h2v-1.5ZM8 12v-1.5h2a.5.5 0 0 0 .5-.5V8H12v2a2 2 0 0 1-2 2H8Zm2-12a2 2 0 0 1 2 2v2h-1.5V2a.5.5 0 0 0-.5-.5H8V0h2Z\" \/>\n\t\t\t<\/svg>\n\t\t<\/button><\/figure>\n<\/div><\/div>\n<\/div>\n\n\n\n<div class=\"wp-block-columns is-layout-flex wp-container-core-columns-is-layout-9d6595d7 wp-block-columns-is-layout-flex\">\n<div class=\"wp-block-column has-black-color has-light-green-cyan-background-color has-text-color has-background is-layout-flow wp-block-column-is-layout-flow\">\n<h3 style=\"text-align: center;\"><em>Les 5 prises de vue ci-dessus sont issues d&rsquo;une pr\u00e9sentation et prot\u00e9g\u00e9es par Copyright :<\/em><\/h3>\n<h3 style=\"text-align: center;\"><em> Soci\u00e9t\u00e9 :\u00a0<\/em>Transport Manutention Merle et Fils &#8211;<\/h3>\n<h3 class=\"x1heor9g x1qlqyl8 x1pd3egz x1a2a7pz\" style=\"text-align: center;\"><em><a class=\"teaser-item black-icon address streetAddress clearfix map-click-zone pj-lb pj-link\" title=\"Ouvrir la carte pour g\u00e9olocaliser ce pro\" href=\"https:\/\/www.pagesjaunes.fr\/pros\/05783059?xtor=CS1-110-[Yahoo]#\" data-pjsearchctx-sethref=\"\" data-pjlb=\"{&quot;url&quot;:&quot;L2NhcnRlP2NvZGVfZXRhYmxpc3NlbWVudD0wNTc4MzA1OSZjb2RlX2xvY2FsaXRlPTA3MTU3MzAwJmNvZGVfcnVicmlxdWU9NDAxMDE1MDA=&quot;,&quot;ucod&quot;:&quot;b64u8&quot;}\" data-pjstats=\"{&quot;idTag&quot;:&quot;ADRESSE-PRO&quot;,&quot;genreBloc&quot;:&quot;6&quot;,&quot;pjscript&quot;:&quot;tag.click.send({elem:{},level2:{%xtn2},name:'adresse',chapter1:'FICHE_DETAILLE',chapter2:'teaser',type:'action',customObject:{idrequete:pjstatVars.idRequete||'',idtag:'{%nom}',etatconnexion:etat_connexion}});&quot;,&quot;pos&quot;:&quot;0&quot;}\"><span class=\"noTrad\">lieu-dit Bruy\u00e8res 71110 Versaugues\u00a0<\/span><\/a><\/em><\/h3>\n<h3><em>\u00a0\u00a0<\/em><\/h3>\n<\/div>\n<\/div>\n\n\n<p>&nbsp;<\/p>\n<h2 style=\"text-align: center;\"><strong><em>Retour \u00e0 la page :\u00a0<a href=\"https:\/\/nostalgicaerosaintyan.com\/nos-realisations-partenariat-et-travaux\/\">Nos r\u00e9alisations, partenariat et travaux<\/a><\/em><\/strong><\/h2>\n\n\n<p><\/p>\n","protected":false},"excerpt":{"rendered":"<p>&nbsp; &nbsp; Les 5 prises de vue ci-dessus sont issues d&rsquo;une pr\u00e9sentation et prot\u00e9g\u00e9es par Copyright : Soci\u00e9t\u00e9 :\u00a0Transport Manutention&hellip;<\/p>\n","protected":false},"author":1,"featured_media":0,"parent":0,"menu_order":0,"comment_status":"closed","ping_status":"closed","template":"","meta":{"footnotes":""},"class_list":["post-109","page","type-page","status-publish","hentry"],"_links":{"self":[{"href":"https:\/\/nostalgicaerosaintyan.com\/index.php?rest_route=\/wp\/v2\/pages\/109","targetHints":{"allow":["GET"]}}],"collection":[{"href":"https:\/\/nostalgicaerosaintyan.com\/index.php?rest_route=\/wp\/v2\/pages"}],"about":[{"href":"https:\/\/nostalgicaerosaintyan.com\/index.php?rest_route=\/wp\/v2\/types\/page"}],"author":[{"embeddable":true,"href":"https:\/\/nostalgicaerosaintyan.com\/index.php?rest_route=\/wp\/v2\/users\/1"}],"replies":[{"embeddable":true,"href":"https:\/\/nostalgicaerosaintyan.com\/index.php?rest_route=%2Fwp%2Fv2%2Fcomments&post=109"}],"version-history":[{"count":31,"href":"https:\/\/nostalgicaerosaintyan.com\/index.php?rest_route=\/wp\/v2\/pages\/109\/revisions"}],"predecessor-version":[{"id":3595,"href":"https:\/\/nostalgicaerosaintyan.com\/index.php?rest_route=\/wp\/v2\/pages\/109\/revisions\/3595"}],"wp:attachment":[{"href":"https:\/\/nostalgicaerosaintyan.com\/index.php?rest_route=%2Fwp%2Fv2%2Fmedia&parent=109"}],"curies":[{"name":"wp","href":"https:\/\/api.w.org\/{rel}","templated":true}]}}