{"id":103,"date":"2022-12-07T11:13:20","date_gmt":"2022-12-07T11:13:20","guid":{"rendered":"https:\/\/nostalgicaerosaintyan.com\/?page_id=103"},"modified":"2025-07-21T14:55:34","modified_gmt":"2025-07-21T14:55:34","slug":"sauvegarde-du-patrimoine-aeronautique","status":"publish","type":"page","link":"https:\/\/nostalgicaerosaintyan.com\/?page_id=103","title":{"rendered":"Sauvegarde du patrimoine a\u00e9ronautique"},"content":{"rendered":"\n<div class=\"wp-block-columns is-layout-flex wp-container-core-columns-is-layout-9d6595d7 wp-block-columns-is-layout-flex\">\n<div class=\"wp-block-column is-layout-flow wp-block-column-is-layout-flow\">\n<figure class=\"wp-block-image size-large\"><img fetchpriority=\"high\" decoding=\"async\" width=\"1024\" height=\"765\" src=\"https:\/\/nostalgicaerosaintyan.com\/wp-content\/uploads\/2023\/06\/fuselage-lustrage-FOUGA-206-1024x765.jpg\" alt=\"\" class=\"wp-image-2075\" srcset=\"https:\/\/nostalgicaerosaintyan.com\/wp-content\/uploads\/2023\/06\/fuselage-lustrage-FOUGA-206-1024x765.jpg 1024w, https:\/\/nostalgicaerosaintyan.com\/wp-content\/uploads\/2023\/06\/fuselage-lustrage-FOUGA-206-300x224.jpg 300w, https:\/\/nostalgicaerosaintyan.com\/wp-content\/uploads\/2023\/06\/fuselage-lustrage-FOUGA-206-768x573.jpg 768w, https:\/\/nostalgicaerosaintyan.com\/wp-content\/uploads\/2023\/06\/fuselage-lustrage-FOUGA-206-1536x1147.jpg 1536w, https:\/\/nostalgicaerosaintyan.com\/wp-content\/uploads\/2023\/06\/fuselage-lustrage-FOUGA-206-160x120.jpg 160w, https:\/\/nostalgicaerosaintyan.com\/wp-content\/uploads\/2023\/06\/fuselage-lustrage-FOUGA-206.jpg 1607w\" sizes=\"(max-width: 1024px) 100vw, 1024px\" \/><\/figure>\n<\/div>\n<\/div>\n\n\n\n<div class=\"wp-block-columns is-layout-flex wp-container-core-columns-is-layout-9d6595d7 wp-block-columns-is-layout-flex\">\n<div class=\"wp-block-column has-black-color has-pale-cyan-blue-background-color has-text-color has-background is-layout-flow wp-block-column-is-layout-flow\">\n<h1 style=\"text-align: center;\"><strong><em>ACTUELLEMENT EN PAUSE<\/em><\/strong><\/h1>\n<h4><strong>===============================================================<\/strong><\/h4>\n<h4 style=\"text-align: center;\"><em><strong>Si la sauvegarde de notre<\/strong><\/em><\/h4>\n<h4 style=\"text-align: center;\"><em><strong>patrimoine a\u00e9ronautique local vous int\u00e9resse,<\/strong><\/em><\/h4>\n<h4 style=\"text-align: center;\"><em><strong>vous passionne, ou vous motive,<\/strong><\/em><\/h4>\n<h4 style=\"text-align: center;\"><em><strong>nous serions heureux<\/strong><\/em><\/h4>\n<h4 style=\"text-align: center;\"><em><strong> de<\/strong><\/em><em><strong> vous accueillir au sein de notre \u00e9quipe,<\/strong><\/em><\/h4>\n<p style=\"text-align: center;\"><em><strong>(merci de prendre contact par mail et\/ou t\u00e9l\u00e9phone, RdV au hangar NOSTALGIC<\/strong><\/em><\/p>\n<p style=\"text-align: center;\"><em><strong>\u00a0pour pr\u00e9sentation de notre action et \u00e9changes pour validation)<\/strong><\/em><\/p>\n<\/div>\n\n\n\n<div class=\"wp-block-column has-black-color has-vivid-green-cyan-background-color has-text-color has-background is-layout-flow wp-block-column-is-layout-flow\">\n<h1 style=\"text-align: center;\"><em><strong>ACTUELLEMENT EN PAUSE<\/strong><\/em><\/h1>\n<p>===================================================================<\/p>\n<p><em><strong>Vous pouvez nous aider pour la sauvegarde et l\u2019entretien du patrimoine a\u00e9ronautique (et le moral des troupes !):<\/strong><\/em><\/p>\n<ul>\n<li><em><strong>proposer un sponsoring :<\/strong><\/em><\/li>\n<li><em><strong>pr\u00eater ou proposer des \u00e9l\u00e9ments a\u00e9ronautiques :<\/strong><\/em><\/li>\n<li><em><strong>pr\u00eater ou proposer du mat\u00e9riel tables, chaises, bancs\u00a0\u00a0<\/strong><\/em><\/li>\n<li><strong><em>proposer un partenariat<\/em><\/strong><\/li>\n<li><em><strong>r\u00e9aliser un versement du montant de votre choix :<\/strong><\/em><\/li>\n<\/ul>\n<\/div>\n<\/div>\n\n\n<p>&nbsp;<\/p>\n<h2 style=\"text-align: center;\"><strong><em>Retour \u00e0 la page :\u00a0<a href=\"https:\/\/nostalgicaerosaintyan.com\/caisse-a-outils\/\">Notre caisse \u00e0 outils<\/a><\/em><\/strong><\/h2>\n<h2 style=\"text-align: center;\"><strong>\u00a0<\/strong><\/h2>\n<p>&nbsp;<\/p>","protected":false},"excerpt":{"rendered":"<p>ACTUELLEMENT EN PAUSE =============================================================== Si la sauvegarde de notre patrimoine a\u00e9ronautique local vous int\u00e9resse, vous passionne, ou vous motive, nous&hellip;<\/p>\n","protected":false},"author":1,"featured_media":0,"parent":0,"menu_order":0,"comment_status":"closed","ping_status":"closed","template":"","meta":{"footnotes":""},"class_list":["post-103","page","type-page","status-publish","hentry"],"_links":{"self":[{"href":"https:\/\/nostalgicaerosaintyan.com\/index.php?rest_route=\/wp\/v2\/pages\/103","targetHints":{"allow":["GET"]}}],"collection":[{"href":"https:\/\/nostalgicaerosaintyan.com\/index.php?rest_route=\/wp\/v2\/pages"}],"about":[{"href":"https:\/\/nostalgicaerosaintyan.com\/index.php?rest_route=\/wp\/v2\/types\/page"}],"author":[{"embeddable":true,"href":"https:\/\/nostalgicaerosaintyan.com\/index.php?rest_route=\/wp\/v2\/users\/1"}],"replies":[{"embeddable":true,"href":"https:\/\/nostalgicaerosaintyan.com\/index.php?rest_route=%2Fwp%2Fv2%2Fcomments&post=103"}],"version-history":[{"count":12,"href":"https:\/\/nostalgicaerosaintyan.com\/index.php?rest_route=\/wp\/v2\/pages\/103\/revisions"}],"predecessor-version":[{"id":3286,"href":"https:\/\/nostalgicaerosaintyan.com\/index.php?rest_route=\/wp\/v2\/pages\/103\/revisions\/3286"}],"wp:attachment":[{"href":"https:\/\/nostalgicaerosaintyan.com\/index.php?rest_route=%2Fwp%2Fv2%2Fmedia&parent=103"}],"curies":[{"name":"wp","href":"https:\/\/api.w.org\/{rel}","templated":true}]}}