{"id":1025,"date":"2022-12-21T14:11:58","date_gmt":"2022-12-21T14:11:58","guid":{"rendered":"https:\/\/nostalgicaerosaintyan.com\/?page_id=1025"},"modified":"2025-07-22T08:27:58","modified_gmt":"2025-07-22T08:27:58","slug":"2013-3","status":"publish","type":"page","link":"https:\/\/nostalgicaerosaintyan.com\/?page_id=1025","title":{"rendered":"2013"},"content":{"rendered":"<h2><\/h2>\n<h2 class=\"single-title\" style=\"text-align: center;\"><a href=\"https:\/\/nostalgicaerosaintyan.com\/visite-e-a-l-c-20-septembre-2014\/\">Visite Association Les Ailes Anciennes de Corbas 14 Mars 2013<\/a><\/h2>\n<p>&nbsp;<\/p>\n<h2 style=\"text-align: center;\"><a href=\"https:\/\/nostalgicaerosaintyan.com\/fly-in-juin-2013\/\"><em>Fly In Juin 2013<\/em><\/a><\/h2>\n<p>&nbsp;<\/p>\n<p>&nbsp;<\/p>\n<h2 style=\"text-align: center;\"><a href=\"https:\/\/nostalgicaerosaintyan.com\/les-cartouches-dores\/\"><em>Soir\u00e9e avec des invit\u00e9s de prestige : les Cartouches Dor\u00e9s<\/em><\/a><\/h2>\n<p>&nbsp;<\/p>\n<p>&nbsp;<\/p>\n<h2 style=\"text-align: center;\"><a href=\"https:\/\/nostalgicaerosaintyan.com\/jeudi-06-juin-2013\/\"><em><strong>Visite groupe CAP peintres CFA MACON<\/strong><\/em><\/a><\/h2>\n<p>&nbsp;<\/p>\n<p>&nbsp;<\/p>\n<h2 style=\"text-align: center;\"><strong><em>Retour \u00e0 la page : <a href=\"https:\/\/nostalgicaerosaintyan.com\/historique-de-lassociation\/\">2013<\/a><\/em><\/strong><strong>\u00a0<\/strong><\/h2>\n<p>&nbsp;<\/p>\n<p>&nbsp;<\/p>\n","protected":false},"excerpt":{"rendered":"<p>Visite Association Les Ailes Anciennes de Corbas 14 Mars 2013 &nbsp; Fly In Juin 2013 &nbsp; &nbsp; Soir\u00e9e avec des&hellip;<\/p>\n","protected":false},"author":1,"featured_media":0,"parent":0,"menu_order":0,"comment_status":"closed","ping_status":"closed","template":"","meta":{"footnotes":""},"class_list":["post-1025","page","type-page","status-publish","hentry"],"_links":{"self":[{"href":"https:\/\/nostalgicaerosaintyan.com\/index.php?rest_route=\/wp\/v2\/pages\/1025","targetHints":{"allow":["GET"]}}],"collection":[{"href":"https:\/\/nostalgicaerosaintyan.com\/index.php?rest_route=\/wp\/v2\/pages"}],"about":[{"href":"https:\/\/nostalgicaerosaintyan.com\/index.php?rest_route=\/wp\/v2\/types\/page"}],"author":[{"embeddable":true,"href":"https:\/\/nostalgicaerosaintyan.com\/index.php?rest_route=\/wp\/v2\/users\/1"}],"replies":[{"embeddable":true,"href":"https:\/\/nostalgicaerosaintyan.com\/index.php?rest_route=%2Fwp%2Fv2%2Fcomments&post=1025"}],"version-history":[{"count":20,"href":"https:\/\/nostalgicaerosaintyan.com\/index.php?rest_route=\/wp\/v2\/pages\/1025\/revisions"}],"predecessor-version":[{"id":3366,"href":"https:\/\/nostalgicaerosaintyan.com\/index.php?rest_route=\/wp\/v2\/pages\/1025\/revisions\/3366"}],"wp:attachment":[{"href":"https:\/\/nostalgicaerosaintyan.com\/index.php?rest_route=%2Fwp%2Fv2%2Fmedia&parent=1025"}],"curies":[{"name":"wp","href":"https:\/\/api.w.org\/{rel}","templated":true}]}}